{"id":80,"date":"2018-12-06T18:08:12","date_gmt":"2018-12-06T18:08:12","guid":{"rendered":"http:\/\/www.sdhmnisek.cz\/?page_id=80"},"modified":"2018-12-06T20:01:47","modified_gmt":"2018-12-06T20:01:47","slug":"rady-medaile-a-cestna-uznani","status":"publish","type":"page","link":"https:\/\/www.sdhmnisek.cz\/index.php\/rady-medaile-a-cestna-uznani\/","title":{"rendered":"\u0158\u00e1dy, medaile a \u010destn\u00e1 uzn\u00e1n\u00ed"},"content":{"rendered":"<h3 class=\"p1\"><span style=\"color: #ff0000;\">medaile Za odvahu a state\u010dnost<\/span><\/h3>\n<p>&#8211; ud\u011bluje se \u010dlen\u016fm-hasi\u010d\u016fm, ve v\u00fdjime\u010dn\u00fdch p\u0159\u00edpadech t\u00e9\u017e ob\u010dan\u016fm a ciz\u00edm st\u00e1tn\u00edm\u00a0p\u0159\u00edslu\u0161n\u00edk\u016fm, kte\u0159\u00ed s\u00a0nasazen\u00edm vlastn\u00edho \u017eivota p\u0159i po\u017e\u00e1ru, v\u00fdbuchu, hav\u00e1rii \u010di \u017eiveln\u00ed pohrom\u011b\u00a0 prok\u00e1zali mimo\u0159\u00e1dnou state\u010dnost a odvahu<br \/>\n&#8211; na n\u00e1vrh\u00a0 SDH (okrsku, OSH, KSH, VV SH \u010cMS) po vyj\u00e1d\u0159en\u00ed OSH &#8211; MSH ji ud\u011bluje v\u00fdkonn\u00fd v\u00fdbor SH \u010cMS<br \/>\n&#8211; jednotlivc\u016fm se ud\u011bluje pen\u011b\u017en\u00ed odm\u011bna do 2000 K\u010d nebo v\u011bcn\u00fd dar<br \/>\n&#8211; ciz\u00edm st\u00e1tn\u00edm p\u0159\u00edslu\u0161n\u00edk\u016fm se finan\u010dn\u00ed odm\u011bna neud\u011bluje<br \/>\n&#8211;\u00a0medaili lze ud\u011blit op\u011btovn\u011b<br \/>\n-lze ji ud\u011blit in memoriam<\/p>\n<h4><span style=\"color: #ffffff;\">Ji\u0159\u00ed VL\u010cEK &#8211; vyznamen\u00e1n v roce 1990<\/span><br \/>\n<span style=\"color: #ffffff;\">Vojt\u011bch NOV\u00c1K &#8211; vyznamen\u00e1n v roce 1990<\/span><br \/>\n<span style=\"color: #ffffff;\">Ji\u0159\u00ed V\u011aTROVSK\u00dd &#8211; vyznamen\u00e1n v roce 1990<\/span><\/h4>\n<hr \/>\n<h3 class=\"p1\"><span style=\"color: #ff0000;\">medaile Za z\u00e1chranu \u017eivota<\/span><\/h3>\n<p>&#8211;\u00a0ud\u011bluje se \u010dlen\u016fm-mlad\u00fdm hasi\u010d\u016fm a hasi\u010d\u016fm, ve v\u00fdjime\u010dn\u00fdch p\u0159\u00edpadech t\u00e9\u017e ob\u010dan\u016fm, kte\u0159\u00ed nejsou \u010dleny SH \u010cMS a ciz\u00edm st\u00e1tn\u00edm p\u0159\u00edslu\u0161n\u00edk\u016fm<br \/>\n&#8211;\u00a0ud\u011bluje se t\u011bm, kte\u0159\u00ed zachr\u00e1nili lidsk\u00fd \u017eivot:<br \/>\n&#8211;\u00a0na n\u00e1vrh SDH (okrsku, OSH, KSH, VV SH \u010cMS) po vyj\u00e1d\u0159en\u00ed OSH &#8211; MSH ji\u00a0 ud\u011bluje v\u00fdkonn\u00fd v\u00fdbor SH \u010cMS<br \/>\n&#8211;\u00a0jednotlivc\u016fm se ud\u011bluje pen\u011b\u017en\u00ed odm\u011bna do 2000 K\u010d nebo v\u011bcn\u00fd dar<br \/>\n&#8211;\u00a0ciz\u00edm st\u00e1tn\u00edm p\u0159\u00edslu\u0161n\u00edk\u016fm se finan\u010dn\u00ed odm\u011bna neud\u011bluje<br \/>\n&#8211;\u00a0 medaili lze ud\u011blit op\u011btovn\u011b<br \/>\n&#8211;\u00a0lze ji ud\u011blit in memoriam<\/p>\n<h4><span style=\"color: #ffffff;\">Lubo\u0161 BALEJ &#8211; vyznamen\u00e1n v roce 2003<\/span><\/h4>\n<hr \/>\n<h4><span style=\"color: #ff0000;\">\u0158\u00e1d sv. Flori\u00e1na<\/span><\/h4>\n<p>&#8211;\u00a0\u00a0\u00a0v\u00fdb\u011brov\u00e9 vyznamen\u00e1n\u00ed, kter\u00e9 se ud\u011bluje \u010dlen\u016fm-hasi\u010d\u016fm a organiza\u010dn\u00edm jednotk\u00e1m\u00a0SH \u010cMS za\u00a0 mimo\u0159\u00e1dn\u00e9 v\u00fdsledky v\u00a0\u010dinnosti a to nejd\u0159\u00edve za 5 let po ud\u011blen\u00ed medaile\u00a0Za mimo\u0159\u00e1dn\u00e9 z\u00e1sluhy<br \/>\n&#8211;\u00a0\u00a0ud\u011bluje se jin\u00fdm pr\u00e1vn\u00edm subjekt\u016fm a ciz\u00edm st\u00e1tn\u00edm p\u0159\u00edslu\u0161n\u00edk\u016fm, kte\u0159\u00ed v\u00fdznamnou\u00a0m\u011brou p\u0159isp\u00edvaj\u00ed k\u00a0rozvoji \u010dinnosti SH \u010cMS<br \/>\n&#8211;\u00a0na n\u00e1vrh SDH (okrsku, OSH, KSH, VV SH \u010cMS) po vyj\u00e1d\u0159en\u00ed\u00a0 OSH \u2013 MSH jej ud\u011bluje v\u00fdkonn\u00fd v\u00fdbor SH \u010cMS<br \/>\n&#8211;\u00a0\u00a0\u00a0\u00a0\u0159\u00e1d se neud\u011bluje op\u011btovn\u011b<br \/>\n&#8211;\u00a0\u00a0\u00a0\u00a0lze jej ud\u011blit in memoriam<\/p>\n<h4><span style=\"color: #ffffff;\">Ji\u0159\u00ed VL\u010cEK &#8211; vyznamen\u00e1n v roce 2002<\/span><br \/>\n<span style=\"color: #ffffff;\">Franti\u0161ek KR\u00c1L &#8211; vyznamen\u00e1n v roce 2002<br \/>\nJaroslav PRAIS &#8211; vyznamen\u00e1n v roce 2014<\/span><\/h4>\n<hr \/>\n<h3 class=\"p1\"><span style=\"color: #ff0000;\">medaile Za mimo\u0159\u00e1dn\u00e9 z\u00e1sluhy<\/span><\/h3>\n<p>&#8211;\u00a0\u00a0ud\u011bluje se \u010dlen\u016fm-hasi\u010d\u016fm a organiza\u010dn\u00edm jednotk\u00e1m SH \u010cMS, kte\u0159\u00ed se mimo\u0159\u00e1dn\u011b zaslou\u017eili o rozvoj dobrovoln\u00e9ho hasi\u010dstva, a to nejd\u0159\u00edve za 5 let po ud\u011blen\u00ed Medaile\u00a0sv. Flori\u00e1na<br \/>\n&#8211;\u00a0ud\u011bluje se i jin\u00fdm pr\u00e1vn\u00edm subjekt\u016fm a ciz\u00edm st\u00e1tn\u00edm p\u0159\u00edslu\u0161n\u00edk\u016fm, kte\u0159\u00ed v\u00fdznamnou m\u011brou p\u0159isp\u00edvaj\u00ed k\u00a0rozvoji \u010dinnosti SH \u010cMS<br \/>\n&#8211;\u00a0 na n\u00e1vrh SDH (okrsku, OSH, KSH, VV SH \u010cMS) po vyj\u00e1d\u0159en\u00ed OSH &#8211; MSH ji ud\u011bluje v\u00fdkonn\u00fd v\u00fdbor SH \u010cMS<br \/>\n&#8211;\u00a0\u00a0\u00a0medaile se neud\u011bluje op\u011btovn\u011b<br \/>\n&#8211;\u00a0\u00a0lze ji ud\u011blit in memoriam<\/p>\n<h4><span style=\"color: #ffffff;\">Ji\u0159\u00ed VL\u010cEK &#8211; vyznamen\u00e1n v roce 1993<\/span><br \/>\n<span style=\"color: #ffffff;\">Franti\u0161ek KR\u00c1L &#8211; vyznamen\u00e1n v roce 1993<\/span><br \/>\n<span style=\"color: #ffffff;\">Jaroslav PRAIS &#8211; vyznamen\u00e1n v roce\u00a0 2009<\/span><br \/>\n<span style=\"color: #ffffff;\">Ji\u0159\u00ed V\u011aTROVSK\u00dd &#8211; vyznamen\u00e1n v roce 2014<\/span><\/h4>\n<hr \/>\n<h3><span style=\"color: #ff0000;\"><strong>\u010cestn\u00e9 uzn\u00e1n\u00ed \u00daV SH \u010cMS<\/strong>\u00a0<\/span><\/h3>\n<p>&#8211;\u00a0ud\u011bluje se \u010dlen\u016fm-hasi\u010d\u016fm a organiza\u010dn\u00edm jednotk\u00e1m za aktivn\u00ed \u010dinnost<br \/>\n&#8211;\u00a0\u010cestn\u00e9 uzn\u00e1n\u00ed OSH \u2013 MSH je podm\u00ednkou pro ud\u011blen\u00ed medail\u00ed Za p\u0159\u00edkladnou pr\u00e1ci a Za\u00a0Z\u00e1sluhy<br \/>\n&#8211;\u00a0\u010cestn\u00e9 uzn\u00e1n\u00ed KSH je podm\u00ednkou pro ud\u011blen\u00ed medaile sv. Flori\u00e1na<br \/>\n&#8211;\u00a0\u010cestn\u00e9 uzn\u00e1n\u00ed Sdru\u017een\u00ed hasi\u010d\u016f \u010cMS je podm\u00ednkou pro ud\u011blen\u00ed medaile Za mimo\u0159\u00e1dn\u00e9 z\u00e1sluhy<br \/>\n&#8211;\u00a0n\u00e1vrh na ud\u011blen\u00ed \u010cestn\u00e9ho uzn\u00e1n\u00ed Sboru dobrovoln\u00fdch hasi\u010d\u016f projedn\u00e1v\u00e1 v\u00fdbor SDH<br \/>\n&#8211;\u00a0na n\u00e1vrh SDH (okrsku,) ud\u011bluje v\u00fdkonn\u00fd v\u00fdbor OSH \u2013 MSH \u010cestn\u00e9 uzn\u00e1n\u00ed OSH<br \/>\n&#8211;\u00a0na n\u00e1vrh SDH (okrsku, OSH) ud\u011bluje v\u00fdkonn\u00fd v\u00fdbor KSH \u010cestn\u00e9 uzn\u00e1n\u00ed KSH<br \/>\n&#8211;\u00a0na n\u00e1vrh SDH (okrsku, KSH) po vyj\u00e1d\u0159en\u00ed OSH \u2013 MSH ud\u011bluje v\u00fdkonn\u00fd v\u00fdbor SH \u010cMS \u010cestn\u00e9 uzn\u00e1n\u00ed\u00a0SH \u010cMS<br \/>\n&#8211;\u00a0doba mezi ud\u011blov\u00e1n\u00edm a po\u010det ud\u011blovan\u00fdch \u010cU je na rozhodnut\u00ed org\u00e1nu, kter\u00fd \u010cU ud\u011bluje<br \/>\n&#8211;\u00a0ud\u011bluje se i jin\u00fdm pr\u00e1vn\u00edm subjekt\u016fm a ciz\u00edm st\u00e1tn\u00edm p\u0159\u00edslu\u0161n\u00edk\u016fm, kte\u0159\u00ed v\u00fdznamnou m\u011brou p\u0159isp\u00edvaj\u00ed k\u00a0rozvoji \u010dinnosti SH \u010cMS<\/p>\n<h4><span style=\"color: #999999;\">J<span style=\"color: #ffffff;\">i\u0159\u00ed VL\u010cEK &#8211; vyznamen\u00e1n v roce 1988<\/span><\/span><br \/>\n<span style=\"color: #ffffff;\">Franti\u0161ek KR\u00c1L &#8211; vyznamen\u00e1n v roce 1988<\/span><br \/>\n<span style=\"color: #ffffff;\">Jaroslav PRAIS &#8211; vyznamen\u00e1n v roce\u00a0 1997<\/span><br \/>\n<span style=\"color: #ffffff;\">Ji\u0159\u00ed V\u011aTROVSK\u00dd &#8211; vyznamen\u00e1n v roce 2011<\/span><\/h4>\n<hr \/>\n<h3><span style=\"color: #ff0000;\"><strong>medaile Svat\u00e9ho Flori\u00e1na<\/strong><\/span><\/h3>\n<p>&#8211;\u00a0ud\u011bluje se \u010dlen\u016fm-hasi\u010d\u016fm a organiza\u010dn\u00edm jednotk\u00e1m SH \u010cMS, kte\u0159\u00ed se v\u00fdrazn\u011b zaslou\u017eili o rozvoj dobrovoln\u00e9ho hasi\u010dstva\u00a0 to nejd\u0159\u00edve za 5 let po ud\u011blen\u00ed medaile\u00a0Za z\u00e1sluhy\u00a0k ocen\u011bn\u00ed jejich dal\u0161\u00ed aktivn\u00ed pr\u00e1ce ve prosp\u011bch dobrovoln\u00e9ho hasi\u010dstva<br \/>\n&#8211;\u00a0ud\u011bluje se i jin\u00fdm pr\u00e1vn\u00edm subjekt\u016fm a ciz\u00edm st\u00e1tn\u00edm p\u0159\u00edslu\u0161n\u00edk\u016fm, kte\u0159\u00ed v\u00fdznamnou m\u011brou p\u0159isp\u00edvaj\u00ed k\u00a0rozvoji \u010dinnosti SH \u010cMS<br \/>\n&#8211;\u00a0na n\u00e1vrh SDH (okrsku, OSH, KSH) po vyj\u00e1d\u0159en\u00ed OSH (MSH) j\u00ed ud\u011bluje KSH<br \/>\n&#8211;\u00a0\u00a0medaile se neud\u011bluje op\u011btovn\u011b<br \/>\n&#8211;\u00a0\u00a0lze ji ud\u011blit in memoriam<br \/>\n&#8211;\u00a0medaile nahrazuje Odznak sv. Flori\u00e1na<\/p>\n<h4><span style=\"color: #ffffff;\">Jaroslav PRAIS &#8211; vyznamen\u00e1n v roce\u00a0 2002<\/span><br \/>\n<span style=\"color: #ffffff;\">Ji\u0159\u00ed V\u011aTROVSK\u00dd &#8211; vyznamen\u00e1n v roce 2009<br \/>\nJi\u0159\u00ed VL\u010cEK ml. &#8211; vyznamen\u00e1n v roce 2011\u00a0<\/span><\/h4>\n<hr \/>\n<h3><span style=\"color: #ff0000;\"><strong>\u010cestn\u00e9 uzn\u00e1n\u00ed KV SH \u010cMS<\/strong><\/span><\/h3>\n<p>&#8211;\u00a0ud\u011bluje se \u010dlen\u016fm-hasi\u010d\u016fm a organiza\u010dn\u00edm jednotk\u00e1m za aktivn\u00ed \u010dinnost<br \/>\n&#8211;\u00a0\u010cestn\u00e9 uzn\u00e1n\u00ed OSH \u2013 MSH je podm\u00ednkou pro ud\u011blen\u00ed medail\u00ed Za p\u0159\u00edkladnou pr\u00e1ci a Za\u00a0Z\u00e1sluhy<br \/>\n&#8211;\u00a0\u010cestn\u00e9 uzn\u00e1n\u00ed KSH je podm\u00ednkou pro ud\u011blen\u00ed medaile sv. Flori\u00e1na<br \/>\n&#8211;\u00a0\u010cestn\u00e9 uzn\u00e1n\u00ed Sdru\u017een\u00ed hasi\u010d\u016f \u010cMS je podm\u00ednkou pro ud\u011blen\u00ed medaile Za mimo\u0159\u00e1dn\u00e9 z\u00e1sluhy<br \/>\n&#8211;\u00a0n\u00e1vrh na ud\u011blen\u00ed \u010cestn\u00e9ho uzn\u00e1n\u00ed Sboru dobrovoln\u00fdch hasi\u010d\u016f projedn\u00e1v\u00e1 v\u00fdbor SDH<br \/>\n&#8211;\u00a0na n\u00e1vrh SDH (okrsku,) ud\u011bluje v\u00fdkonn\u00fd v\u00fdbor OSH \u2013 MSH \u010cestn\u00e9 uzn\u00e1n\u00ed OSH<br \/>\n&#8211;\u00a0na n\u00e1vrh SDH (okrsku, OSH) ud\u011bluje v\u00fdkonn\u00fd v\u00fdbor KSH \u010cestn\u00e9 uzn\u00e1n\u00ed KSH<br \/>\n&#8211;\u00a0na n\u00e1vrh SDH (okrsku, KSH) po vyj\u00e1d\u0159en\u00ed OSH \u2013 MSH ud\u011bluje v\u00fdkonn\u00fd v\u00fdbor SH \u010cMS \u010cestn\u00e9 uzn\u00e1n\u00ed\u00a0SH \u010cMS<br \/>\n&#8211; doba mezi ud\u011blov\u00e1n\u00edm a po\u010det ud\u011blovan\u00fdch \u010cU je na rozhodnut\u00ed org\u00e1nu, kter\u00fd \u010cU ud\u011bluje<br \/>\n&#8211;\u00a0ud\u011bluje se i jin\u00fdm pr\u00e1vn\u00edm subjekt\u016fm a ciz\u00edm st\u00e1tn\u00edm p\u0159\u00edslu\u0161n\u00edk\u016fm, kte\u0159\u00ed v\u00fdznamnou m\u011brou p\u0159isp\u00edvaj\u00ed k\u00a0rozvoji \u010dinnosti SH \u010cMS<\/p>\n<h4 style=\"text-align: left;\"><span style=\"color: #ffffff;\">Vladim\u00edr ARNOLT, \u010dlenem od roku 1971<\/span><br \/>\n<span style=\"color: #ffffff;\">Lubo\u0161 BALEJ, \u010dlenem od roku 1994<\/span><br \/>\n<span style=\"color: #ffffff;\">Josef, \u010cERN\u00dd \u010dlenem od roku 2005<\/span><br \/>\n<span style=\"color: #ffffff;\">Josef \u010cERN\u00dd, \u010dlenem od roku 2006<\/span><br \/>\n<span style=\"color: #ffffff;\">Monika DOLEJ\u0160OV\u00c1, \u010dlenem od roku 2004<\/span><br \/>\n<span style=\"color: #ffffff;\">Josef DVO\u0158\u00c1K, \u010dlenem od roku 1999<\/span><br \/>\n<span style=\"color: #ffffff;\">Miroslav DVO\u0158\u00c1K, \u010dlenem od roku 1994<\/span><br \/>\n<span style=\"color: #ffffff;\">V\u00e1clav DVO\u0158\u00c1K, \u010dlenem od roku 1976<\/span><br \/>\n<span style=\"color: #ffffff;\">Helena HAVELKOV\u00c1, \u010dlenem od roku 1980<\/span><br \/>\n<span style=\"color: #ffffff;\">V\u00e1clav HUB\u00c1\u010cEK, \u010dlenem od roku 1950<\/span><br \/>\n<span style=\"color: #ffffff;\">Josef POUR, \u010dlenem od roku 1976<\/span><br \/>\n<span style=\"color: #ffffff;\">Jaroslav PRAIS, \u010dlenem od roku 1976<\/span><br \/>\n<span style=\"color: #ffffff;\">Ji\u0159\u00ed V\u011aTROVSK\u00dd, \u010dlenem od roku 1951<\/span><br \/>\n<span style=\"color: #ffffff;\">Ji\u0159\u00ed V\u011aTROVSK\u00dd, \u010dlenem od roku 1980<\/span><br \/>\n<span style=\"color: #ffffff;\">Ji\u0159\u00ed VL\u010cEK, \u010dlenem od roku 1986<\/span><br \/>\n<span style=\"color: #ffffff;\">Josef ZAT\u0158EP\u00c1LEK, \u010dlenem od roku 1956<\/span><\/h4>\n<hr \/>\n<h3><span style=\"color: #ff0000;\"><strong>medaile Za z\u00e1sluhy<\/strong><\/span><\/h3>\n<p>&#8211;\u00a0ud\u011bluje se \u010dlen\u016fm-hasi\u010d\u016fm a organiza\u010dn\u00edm jednotk\u00e1m SH \u010cMS, kte\u0159\u00ed se v\u00fdrazn\u011b zaslou\u017eili o rozvoj dobrovoln\u00e9ho hasi\u010dstva, a to nejd\u0159\u00edve za 5 let po ud\u011blen\u00ed\u00a0 medaile Za p\u0159\u00edkladnou pr\u00e1ci<br \/>\n&#8211;\u00a0ud\u011bluje se i jin\u00fdm pr\u00e1vn\u00edm subjekt\u016fm a ciz\u00edm st\u00e1tn\u00edm p\u0159\u00edslu\u0161n\u00edk\u016fm, kte\u0159\u00ed v\u00fdznamnou m\u011brou p\u0159isp\u00edvaj\u00ed k\u00a0rozvoji \u010dinnosti SH \u010cMS<br \/>\n&#8211;\u00a0na n\u00e1vrh SDH (okrsku, OSH, KSH), po vyj\u00e1d\u0159en\u00ed OSH ji ud\u011bluje v\u00fdkonn\u00fd v\u00fdbor OSH &#8211;\u00a0 MSH<br \/>\n&#8211;\u00a0medaile se neud\u011bluje op\u011btovn\u011b<br \/>\n&#8211;\u00a0lze ji ud\u011blit in memoriam<\/p>\n<h4 style=\"text-align: left;\"><span style=\"color: #ffffff;\">Milan ARNOLT, \u010dlenem od roku 1971<\/span><br \/>\n<span style=\"color: #ffffff;\">Vladim\u00edr ARNOLT, \u010dlenem od roku 1971<\/span><br \/>\n<span style=\"color: #ffffff;\">Vladim\u00edr ARNOLT, \u010dlenem od roku 1994<\/span><br \/>\n<span style=\"color: #ffffff;\">Lubo\u0161 BALEJ, \u010dlenem od roku 1994<\/span><br \/>\n<span style=\"color: #ffffff;\">Michal BALEJ, \u010dlenem od roku 1994<\/span><br \/>\n<span style=\"color: #ffffff;\">Miroslav DVO\u0158\u00c1K, \u010dlenem od roku 1994<\/span><br \/>\n<span style=\"color: #ffffff;\">V\u00e1clav DVO\u0158\u00c1K, \u010dlenem od roku 1976<\/span><br \/>\n<span style=\"color: #ffffff;\">V\u00e1clav HUB\u00c1\u010cEK, \u010dlenem od roku 1950<\/span><br \/>\n<span style=\"color: #ffffff;\">V\u00e1clav HU\u0160\u00c1K, \u010dlenem od roku 1978<\/span><br \/>\n<span style=\"color: #ffffff;\">Franti\u0161ek KR\u00c1L, \u010dlenem od roku 1960<\/span><br \/>\n<span style=\"color: #ffffff;\">Marie MATYSOV\u00c1, \u010dlenem od roku 1957<\/span><br \/>\n<span style=\"color: #ffffff;\">Ji\u0159\u00ed MI\u0160KA, \u010dlenem od roku 1994<\/span><br \/>\n<span style=\"color: #ffffff;\">Josef POUR, \u010dlenem od roku 1976<\/span><br \/>\n<span style=\"color: #ffffff;\">Jaroslav PRAIS, \u010dlenem od roku 1976<\/span><br \/>\n<span style=\"color: #ffffff;\">Franti\u0161ek PUDIL, \u010dlenem od roku 1956<\/span><br \/>\n<span style=\"color: #ffffff;\">Ji\u0159\u00ed\u00a0 V\u011aTROVSK\u00dd, \u010dlenem od roku 1951<\/span><br \/>\n<span style=\"color: #ffffff;\">Ji\u0159\u00ed V\u011aTROVSK\u00dd, \u010dlenem od roku 1980<\/span><br \/>\n<span style=\"color: #ffffff;\">Ji\u0159\u00ed VL\u010cEK, \u010dlenem od roku 1986<\/span><br \/>\n<span style=\"color: #ffffff;\">Ji\u0159\u00ed VL\u010cEK, \u010dlenem od roku 1966<\/span><br \/>\n<span style=\"color: #ffffff;\">Josef ZAT\u0158EP\u00c1LEK, \u010dlenem od roku 1956<\/span><\/h4>\n<hr \/>\n<h3><span style=\"color: #ff0000;\"><strong>medaile Za p\u0159\u00edkladnou pr\u00e1ci<\/strong>\u00a0<\/span><\/h3>\n<p>&#8211;\u00a0\u00a0ud\u011bluje se \u010dlen\u016fm-hasi\u010d\u016fm a organiza\u010dn\u00edm jednotk\u00e1m SH \u010cMS nejm\u00e9n\u011b po 10 letech nep\u0159etr\u017eit\u00e9\u00a0 aktivn\u00ed pr\u00e1ce<br \/>\n&#8211;\u00a0ud\u011bluje se jin\u00fdm pr\u00e1vn\u00edm subjekt\u016fm a ciz\u00edm st\u00e1tn\u00ed p\u0159\u00edslu\u0161n\u00edk\u016fm, kte\u0159\u00ed v\u00fdznamnou m\u011brou p\u0159isp\u00edvaj\u00ed k\u00a0rozvoji \u010dinnosti SH \u010cMS<br \/>\n&#8211;\u00a0na n\u00e1vrh SDH (okrsku,OSH, KSH), po vyj\u00e1d\u0159en\u00ed OSH ji ud\u011bluje v\u00fdkonn\u00fd v\u00fdbor\u00a0 OSH &#8211;\u00a0MSH<br \/>\n&#8211;\u00a0medaile se neud\u011bluje op\u011btovn\u011b<br \/>\n&#8211;\u00a0lze ji ud\u011blit in memoriam<\/p>\n<h4 style=\"text-align: left;\"><span style=\"color: #ffffff;\">Milan ARNOLT, \u010dlenem od roku 1971<\/span><br \/>\n<span style=\"color: #ffffff;\">Vladim\u00edr ARNOLT, \u010dlenem od roku 1971<\/span><br \/>\n<span style=\"color: #ffffff;\">Vladim\u00edr ARNOLT, \u010dlenem od roku 1994<\/span><br \/>\n<span style=\"color: #ffffff;\">Lubo\u0161 BALEJ, \u010dlenem od roku 1994<\/span><br \/>\n<span style=\"color: #ffffff;\">Michal BALEJ, \u010dlenem od roku 1994<\/span><br \/>\n<span style=\"color: #ffffff;\">Jana BALEJOV\u00c1, \u010dlenem od roku 1998<\/span><br \/>\n<span style=\"color: #ffffff;\">Petr BERAN, \u010dlenem od roku 1993<\/span><br \/>\n<span style=\"color: #ffffff;\">Tom\u00e1\u0161 CINIBURK, \u010dlenem od roku 1999<\/span><br \/>\n<span style=\"color: #ffffff;\">Josef DVO\u0158\u00c1K, \u010dlenem od roku 1999<\/span><br \/>\n<span style=\"color: #ffffff;\">Miroslav DVO\u0158\u00c1K, \u010dlenem od roku 1994<\/span><br \/>\n<span style=\"color: #ffffff;\">V\u00e1clav DVO\u0158\u00c1K, \u010dlenem od roku 1976<\/span><br \/>\n<span style=\"color: #ffffff;\">Martin GRUSZ, \u010dlenem od roku 1994<\/span><br \/>\n<span style=\"color: #ffffff;\">Helena HAVELKOV\u00c1, \u010dlenem od roku 1980<\/span><br \/>\n<span style=\"color: #ffffff;\">V\u00e1clav HUB\u00c1\u010cEK, \u010dlenem od roku 1950<\/span><br \/>\n<span style=\"color: #ffffff;\">V\u00e1clav HU\u0160\u00c1K, \u010dlenem od roku 1978<\/span><br \/>\n<span style=\"color: #ffffff;\">Franti\u0161ek KOP\u00c1\u010cEK, \u010dlenem od roku 1979<\/span><br \/>\n<span style=\"color: #ffffff;\">Franti\u0161ek KR\u00c1L, \u010dlenem od roku 1960<\/span><br \/>\n<span style=\"color: #ffffff;\">Josef MATTIS, \u010dlenem od roku 1984<\/span><br \/>\n<span style=\"color: #ffffff;\">Marie MATYSOV\u00c1, \u010dlenem od roku 1957<\/span><br \/>\n<span style=\"color: #ffffff;\">Ji\u0159\u00ed MI\u0160KA, \u010dlenem od roku 1994<\/span><br \/>\n<span style=\"color: #ffffff;\">Vojt\u011bch NOV\u00c1K, \u010dlenem od roku 1975<\/span><br \/>\n<span style=\"color: #ffffff;\">Anton\u00edn PLOCEK, \u010dlenem od roku 1971<\/span><br \/>\n<span style=\"color: #ffffff;\">Josef POUR, \u010dlenem od roku 1976<\/span><br \/>\n<span style=\"color: #ffffff;\">Jaroslav PRAIS, \u010dlenem od roku 1976<\/span><br \/>\n<span style=\"color: #ffffff;\">Franti\u0161ek PUDIL, \u010dlenem od roku 1956<\/span><br \/>\n<span style=\"color: #ffffff;\">V\u00e1clav STAHO\u0147, \u010dlenem od roku 1985<\/span><br \/>\n<span style=\"color: #ffffff;\">Ji\u0159\u00ed \u0160EDIV\u00dd, \u010dlenem od roku 1999<\/span><br \/>\n<span style=\"color: #ffffff;\">Anton\u00edn VA\u0160\u00cd\u010cEK, \u010dlenem od roku 1964<\/span><br \/>\n<span style=\"color: #ffffff;\">Ji\u0159\u00ed V\u011aTROVSK\u00dd, \u010dlenem od roku 1951<\/span><br \/>\n<span style=\"color: #ffffff;\">Ji\u0159\u00ed V\u011aTROVSK\u00dd, \u010dlenem od roku 1980<\/span><br \/>\n<span style=\"color: #ffffff;\">Ji\u0159\u00ed VL\u010cEK, \u010dlenem od roku 1986<\/span><br \/>\n<span style=\"color: #ffffff;\">Ji\u0159\u00ed VL\u010cEK, \u010dlenem od roku 1966<\/span><br \/>\n<span style=\"color: #ffffff;\">Josef ZAT\u0158EP\u00c1LEK, \u010dlenem od roku 1956<\/span><br \/>\n<span style=\"color: #ffffff;\">Jaroslav ZIK\u00c1N, \u010dlenem od roku 1977<\/span><\/h4>\n<hr \/>\n<h3><span style=\"color: #ff0000;\"><strong>\u010cestn\u00e9 uzn\u00e1n\u00ed OV SH \u010cMS<\/strong>\u00a0<\/span><\/h3>\n<p>&#8211;\u00a0ud\u011bluje se \u010dlen\u016fm-hasi\u010d\u016fm a organiza\u010dn\u00edm jednotk\u00e1m za aktivn\u00ed \u010dinnost<br \/>\n&#8211;\u00a0\u010cestn\u00e9 uzn\u00e1n\u00ed OSH \u2013 MSH je podm\u00ednkou pro ud\u011blen\u00ed medail\u00ed Za p\u0159\u00edkladnou pr\u00e1ci a Za\u00a0Z\u00e1sluhy<br \/>\n&#8211;\u00a0\u010cestn\u00e9 uzn\u00e1n\u00ed KSH je podm\u00ednkou pro ud\u011blen\u00ed medaile sv. Flori\u00e1na<br \/>\n&#8211;\u00a0\u010cestn\u00e9 uzn\u00e1n\u00ed Sdru\u017een\u00ed hasi\u010d\u016f \u010cMS je podm\u00ednkou pro ud\u011blen\u00ed medaile Za mimo\u0159\u00e1dn\u00e9 z\u00e1sluhy<br \/>\n&#8211;\u00a0n\u00e1vrh na ud\u011blen\u00ed \u010cestn\u00e9ho uzn\u00e1n\u00ed Sboru dobrovoln\u00fdch hasi\u010d\u016f projedn\u00e1v\u00e1 v\u00fdbor SDH<br \/>\n&#8211;\u00a0na n\u00e1vrh SDH (okrsku,) ud\u011bluje v\u00fdkonn\u00fd v\u00fdbor OSH \u2013 MSH \u010cestn\u00e9 uzn\u00e1n\u00ed OSH<br \/>\n&#8211;\u00a0na n\u00e1vrh SDH (okrsku, OSH) ud\u011bluje v\u00fdkonn\u00fd v\u00fdbor KSH \u010cestn\u00e9 uzn\u00e1n\u00ed KSH<br \/>\n&#8211;\u00a0na n\u00e1vrh SDH (okrsku, KSH) po vyj\u00e1d\u0159en\u00ed OSH \u2013 MSH ud\u011bluje v\u00fdkonn\u00fd v\u00fdbor SH \u010cMS \u010cestn\u00e9 uzn\u00e1n\u00ed\u00a0SH \u010cMS<br \/>\n&#8211;\u00a0doba mezi ud\u011blov\u00e1n\u00edm a po\u010det ud\u011blovan\u00fdch \u010cU je na rozhodnut\u00ed org\u00e1nu, kter\u00fd \u010cU ud\u011bluje<br \/>\n&#8211;\u00a0ud\u011bluje se i jin\u00fdm pr\u00e1vn\u00edm subjekt\u016fm a ciz\u00edm st\u00e1tn\u00edm p\u0159\u00edslu\u0161n\u00edk\u016fm, kte\u0159\u00ed v\u00fdznamnou m\u011brou p\u0159isp\u00edvaj\u00ed k\u00a0rozvoji \u010dinnosti SH \u010cMS<\/p>\n<h4 style=\"text-align: left;\"><span style=\"color: #ffffff;\">Milan ARNOLT, \u010dlenem od roku 1971<\/span><br \/>\n<span style=\"color: #ffffff;\">Vladim\u00edr ARNOLT, \u010dlenem od roku 1971<\/span><br \/>\n<span style=\"color: #ffffff;\">Vladim\u00edr ARNOLT, \u010dlenem od roku 1994<\/span><br \/>\n<span style=\"color: #ffffff;\">Lubo\u0161 BALEJ, \u010dlenem od roku 1994<\/span><br \/>\n<span style=\"color: #ffffff;\">Michal BALEJ, \u010dlenem od roku 1994<\/span><br \/>\n<span style=\"color: #ffffff;\">Jana BALEJOV\u00c1, \u010dlenem od roku 1998<\/span><br \/>\n<span style=\"color: #ffffff;\">Petr BERAN, \u010dlenem od roku 1993<\/span><br \/>\n<span style=\"color: #ffffff;\">Tom\u00e1\u0161 CINIBURK, \u010dlenem od roku 1999<br \/>\nRomana \u010cERN\u00c1, \u010dlenem od roku 2010<br \/>\nJosef, \u010cERN\u00dd \u010dlenem od roku 2005<\/span><br \/>\n<span style=\"color: #ffffff;\">Josef \u010cERN\u00dd, \u010dlenem od roku 2006<br \/>\nPetr DOLEJ\u0160, \u010dlenem od roku 1998<br \/>\nPetr DOLEJ\u0160, \u010dlenem od roku 1982<br \/>\nMonika DOLEJ\u0160OV\u00c1, \u010dlenem od roku 2004<br \/>\nJosef DVO\u0158\u00c1K, \u010dlenem od roku 1999<\/span><br \/>\n<span style=\"color: #ffffff;\">Miroslav DVO\u0158\u00c1K, \u010dlenem od roku 1994<\/span><br \/>\n<span style=\"color: #ffffff;\">V\u00e1clav DVO\u0158\u00c1K, \u010dlenem od roku 1976<br \/>\nV\u00e1clav DVO\u0158\u00c1K, \u010dlenem od roku 1998<\/span><br \/>\n<span style=\"color: #ffffff;\">Martin GRUSZ, \u010dlenem od roku 1994<\/span><br \/>\n<span style=\"color: #ffffff;\">Helena HAVELKOV\u00c1, \u010dlenem od roku 1980<\/span><br \/>\n<span style=\"color: #ffffff;\">V\u00e1clav HU\u0160\u00c1K, \u010dlenem od roku 1978<br \/>\nIvo KLIMT, \u010dlenem od roku 2005<\/span><br \/>\n<span style=\"color: #ffffff;\">Franti\u0161ek KOP\u00c1\u010cEK, \u010dlenem od roku 1979<\/span><br \/>\n<span style=\"color: #ffffff;\">Franti\u0161ek KR\u00c1L, \u010dlenem od roku 1960<\/span><br \/>\n<span style=\"color: #ffffff;\">Josef MATTIS, \u010dlenem od roku 1984<\/span><br \/>\n<span style=\"color: #ffffff;\">Marie MATYSOV\u00c1, \u010dlenem od roku 1957<\/span><br \/>\n<span style=\"color: #ffffff;\">Ji\u0159\u00ed MI\u0160KA, \u010dlenem od roku 1994<\/span><br \/>\n<span style=\"color: #ffffff;\">Vojt\u011bch NOV\u00c1K, \u010dlenem od roku 1975<\/span><br \/>\n<span style=\"color: #ffffff;\">Anton\u00edn PLOCEK, \u010dlenem od roku 1971<\/span><br \/>\n<span style=\"color: #ffffff;\">Josef POUR, \u010dlenem od roku 1976<\/span><br \/>\n<span style=\"color: #ffffff;\">Jaroslav PRAIS, \u010dlenem od roku 1976<\/span><br \/>\n<span style=\"color: #ffffff;\">Ji\u0159\u00ed \u0160EDIV\u00dd, \u010dlenem od roku 1999<br \/>\nMiroslav \u0160R\u00c1MEK, \u010dlenem od roku 2009<\/span><br \/>\n<span style=\"color: #ffffff;\">Anton\u00edn VA\u0160\u00cd\u010cEK, \u010dlenem od roku 1964<\/span><br \/>\n<span style=\"color: #ffffff;\">Ji\u0159\u00ed V\u011aTROVSK\u00dd, \u010dlenem od roku 1980<\/span><br \/>\n<span style=\"color: #ffffff;\">Ji\u0159\u00ed VL\u010cEK, \u010dlenem od roku 1986<\/span><br \/>\n<span style=\"color: #ffffff;\">Ji\u0159\u00ed VL\u010cEK, \u010dlenem od roku 1966<\/span><br \/>\n<span style=\"color: #ffffff;\">Josef ZAT\u0158EP\u00c1LEK, \u010dlenem od roku 1956<\/span><br \/>\n<span style=\"color: #ffffff;\">Jaroslav ZIK\u00c1N, \u010dlenem od roku 1977<\/span><\/h4>\n","protected":false},"excerpt":{"rendered":"<p>medaile Za odvahu a state\u010dnost &#8211; ud\u011bluje se \u010dlen\u016fm-hasi\u010d\u016fm, ve v\u00fdjime\u010dn\u00fdch p\u0159\u00edpadech t\u00e9\u017e ob\u010dan\u016fm a ciz\u00edm st\u00e1tn\u00edm\u00a0p\u0159\u00edslu\u0161n\u00edk\u016fm, kte\u0159\u00ed s\u00a0nasazen\u00edm vlastn\u00edho \u017eivota p\u0159i po\u017e\u00e1ru, v\u00fdbuchu, hav\u00e1rii \u010di \u017eiveln\u00ed pohrom\u011b\u00a0 prok\u00e1zali mimo\u0159\u00e1dnou state\u010dnost a odvahu &#8211; na n\u00e1vrh\u00a0 SDH (okrsku, OSH, KSH, VV SH \u010cMS) po vyj\u00e1d\u0159en\u00ed OSH &#8211; MSH ji ud\u011bluje v\u00fdkonn\u00fd v\u00fdbor SH \u010cMS &#8211; [&hellip;]<\/p>\n","protected":false},"author":1,"featured_media":0,"parent":0,"menu_order":0,"comment_status":"closed","ping_status":"closed","template":"","meta":{"footnotes":""},"class_list":["post-80","page","type-page","status-publish","hentry"],"_links":{"self":[{"href":"https:\/\/www.sdhmnisek.cz\/index.php\/wp-json\/wp\/v2\/pages\/80","targetHints":{"allow":["GET"]}}],"collection":[{"href":"https:\/\/www.sdhmnisek.cz\/index.php\/wp-json\/wp\/v2\/pages"}],"about":[{"href":"https:\/\/www.sdhmnisek.cz\/index.php\/wp-json\/wp\/v2\/types\/page"}],"author":[{"embeddable":true,"href":"https:\/\/www.sdhmnisek.cz\/index.php\/wp-json\/wp\/v2\/users\/1"}],"replies":[{"embeddable":true,"href":"https:\/\/www.sdhmnisek.cz\/index.php\/wp-json\/wp\/v2\/comments?post=80"}],"version-history":[{"count":11,"href":"https:\/\/www.sdhmnisek.cz\/index.php\/wp-json\/wp\/v2\/pages\/80\/revisions"}],"predecessor-version":[{"id":113,"href":"https:\/\/www.sdhmnisek.cz\/index.php\/wp-json\/wp\/v2\/pages\/80\/revisions\/113"}],"wp:attachment":[{"href":"https:\/\/www.sdhmnisek.cz\/index.php\/wp-json\/wp\/v2\/media?parent=80"}],"curies":[{"name":"wp","href":"https:\/\/api.w.org\/{rel}","templated":true}]}}