{"id":79,"date":"2018-12-06T18:08:12","date_gmt":"2018-12-06T18:08:12","guid":{"rendered":"http:\/\/www.sdhmnisek.cz\/?page_id=79"},"modified":"2018-12-06T20:17:25","modified_gmt":"2018-12-06T20:17:25","slug":"zaslouzili-hasici","status":"publish","type":"page","link":"https:\/\/www.sdhmnisek.cz\/index.php\/zaslouzili-hasici\/","title":{"rendered":"ZASLOU\u017dIL\u00cd HASI\u010cI"},"content":{"rendered":"<h4><span style=\"color: #ff0000;\"><strong>Titul Zaslou\u017eil\u00fd hasi\u010d:<\/strong><\/span><\/h4>\n<p>&#8211; v\u00fdb\u011brov\u00e9 vyznamen\u00e1n\u00ed, kter\u00e9 se ud\u011bluje jen \u010dlen\u016fm-hasi\u010d\u016fm, kte\u0159\u00ed svou celo\u017eivotn\u00ed prac\u00ed p\u0159isp\u011bli k\u00a0rozvoji dobrovoln\u00e9ho hasi\u010dstva<br \/>\n&#8211; ud\u011bluje se zpravidla po 5 letech po ud\u011blen\u00ed medaile ZMZ p\u0159i dodr\u017een\u00ed d\u00e9lky 35 let\u00a0\u010dlenstv\u00ed a dovr\u0161en\u00ed 60 let v\u011bku<br \/>\n&#8211;\u00a0na n\u00e1vrh SDH (okrsku, OSH, KSH) po vyj\u00e1d\u0159en\u00ed OSH \u2013 MSH ud\u011bluje titul v\u00fdkonn\u00fd v\u00fdbor SH \u010cMS<br \/>\n&#8211;\u00a0p\u0159i p\u0159ed\u00e1n\u00ed titulu je \u010dlen zaps\u00e1n do Pam\u011btn\u00ed knihy ZH<br \/>\n&#8211;\u00a0v\u00fdrazem titulu je medaile,\u00a0 diplom a klopov\u00fd odznak<br \/>\n&#8211;\u00a0titul se neud\u011bluje op\u011btovn\u011b<br \/>\n&#8211;\u00a0lze jej ud\u011blit in memoriam<\/p>\n<hr \/>\n<h3><span style=\"color: #ff0000;\">Ji\u0159\u00ed VL\u010cEK<\/span><\/h3>\n<h5><span style=\"color: #ff0000;\">* narozen 1947<\/span><br \/>\n<span style=\"color: #ff0000;\">\u010dlen SDH od roku 1966<\/span><\/h5>\n<p>Vyznamen\u00e1n\u00ed:<\/p>\n<p>2008 titul Zaslou\u017eil\u00fd hasi\u010d<br \/>\n2002\u00a0\u0158\u00e1d sv. Flori\u00e1na<br \/>\n1993\u00a0medaile Za mimo\u0159\u00e1dn\u00e9 z\u00e1sluhy<br \/>\n1990\u00a0medaile Za odvahu a state\u010dnost<br \/>\n1988\u00a0\u010cestn\u00e9 uzn\u00e1n\u00ed \u00dast\u0159edn\u00edho v\u00fdboru<br \/>\n1982\u00a0\u010cestn\u00e9 uzn\u00e1n\u00ed Okresn\u00edho v\u00fdboru<br \/>\n1981\u00a0medaile Za p\u0159\u00edkladnou pr\u00e1ci<br \/>\n1979\u00a0medaile Za z\u00e1sluhy<br \/>\n1978\u00a0Absolvent U\u0160PO<\/p>\n<p>Zast\u00e1van\u00e9 funkce:<\/p>\n<p>velitel sboru<br \/>\nvelitel JSDH<br \/>\njednatel SDH<br \/>\nm\u00edstostarosta SDH<br \/>\nvelitel 8. okrsku Praha &#8211; z\u00e1pad<br \/>\n\u010dlen rady velitel\u016f OSH Praha &#8211; z\u00e1pad<\/p>\n<hr \/>\n<h3><span style=\"color: #ff0000;\">Franti\u0161ek KR\u00c1L<\/span><\/h3>\n<h5><span style=\"color: #ff0000;\">* narozen 1943<\/span><br \/>\n<span style=\"color: #ff0000;\">\u010dlen SDH od roku 1960<\/span><\/h5>\n<p>Vyznamen\u00e1n\u00ed:<\/p>\n<p>2008\u00a0titul Zaslou\u017eil\u00fd hasi\u010d<br \/>\n2006\u00a0\u010cestn\u00e9 uzn\u00e1n\u00ed Okresn\u00edho v\u00fdboru<br \/>\n2002\u00a0\u0158\u00e1d sv. Flori\u00e1na<br \/>\n1993\u00a0medaile Za mimo\u0159\u00e1dn\u00e9 z\u00e1sluhy<br \/>\n1988\u00a0\u010cestn\u00e9 uzn\u00e1n\u00ed \u00dast\u0159edn\u00edho v\u00fdboru<br \/>\n1986\u00a0\u010cestn\u00e9 uzn\u00e1n\u00ed Krajsk\u00e9ho v\u00fdboru<br \/>\n1982\u00a0medaile Za p\u0159\u00edkladnou pr\u00e1ci<br \/>\n1979\u00a0medaile Za z\u00e1sluhy<br \/>\n1972\u00a0\u010cestn\u00e9 uzn\u00e1n\u00ed Krajsk\u00e9ho v\u00fdboru<br \/>\n1972\u00a0\u010cestn\u00e9 uzn\u00e1n\u00ed Okresn\u00edho v\u00fdboru<\/p>\n<p>Zast\u00e1van\u00e9 funkce:<\/p>\n<p>preventista obce<br \/>\nm\u00edstostarosta SDH<br \/>\n\u010dlen rady preventist\u016f OSH Praha &#8211; z\u00e1pad<br \/>\n\u010dlen v\u00fdkonn\u00e9ho v\u00fdboru OSH Praha &#8211; z\u00e1pad<\/p>\n<hr \/>\n<h3><span style=\"color: #ff0000;\">Ji\u0159\u00ed V\u011aTROVSK\u00dd<\/span><\/h3>\n<h5><span style=\"color: #ff0000;\">* narozen 1935<\/span><br \/>\n<span style=\"color: #ff0000;\">\u010dlen SH \u010cMS od roku 1951<\/span><\/h5>\n<p>Vyznamen\u00e1n\u00ed:<\/p>\n<p>2017\u00a0titul Zaslou\u017eil\u00fd hasi\u010d<br \/>\n2014\u00a0medaile Za mimo\u0159\u00e1dn\u00e9 z\u00e1sluhy<br \/>\n2011\u00a0\u010cestn\u00e9 uzn\u00e1n\u00ed \u00dast\u0159edn\u00edho v\u00fdboru<br \/>\n2009\u00a0Medaile Sv. Flori\u00e1na<br \/>\n2009\u00a0\u010cestn\u00e9 uzn\u00e1n\u00ed Krajsk\u00e9ho v\u00fdboru<br \/>\n2008\u00a0\u010cestn\u00e9 uzn\u00e1n\u00ed Krajsk\u00e9ho v\u00fdboru<br \/>\n2002\u00a0medaile Za z\u00e1sluhy<br \/>\n1999\u00a0\u010cestn\u00e9 uzn\u00e1n\u00ed Okresn\u00edho v\u00fdboru<br \/>\n1990\u00a0medaile Za odvahu a state\u010dnost<br \/>\n1986\u00a0medaile Za p\u0159\u00edkladnou pr\u00e1ci<\/p>\n<p>Zast\u00e1van\u00e9 funkce:<\/p>\n<p>velitel HZSP FN Praha Motol<br \/>\nvelitel SDH Kovohut\u011b Mn\u00ed\u0161ek p. B.<br \/>\nvelitel JSDHP Kovohut\u011b Mn\u00ed\u0161ek p. B.<\/p>\n","protected":false},"excerpt":{"rendered":"<p>Titul Zaslou\u017eil\u00fd hasi\u010d: &#8211; v\u00fdb\u011brov\u00e9 vyznamen\u00e1n\u00ed, kter\u00e9 se ud\u011bluje jen \u010dlen\u016fm-hasi\u010d\u016fm, kte\u0159\u00ed svou celo\u017eivotn\u00ed prac\u00ed p\u0159isp\u011bli k\u00a0rozvoji dobrovoln\u00e9ho hasi\u010dstva &#8211; ud\u011bluje se zpravidla po 5 letech po ud\u011blen\u00ed medaile ZMZ p\u0159i dodr\u017een\u00ed d\u00e9lky 35 let\u00a0\u010dlenstv\u00ed a dovr\u0161en\u00ed 60 let v\u011bku &#8211;\u00a0na n\u00e1vrh SDH (okrsku, OSH, KSH) po vyj\u00e1d\u0159en\u00ed OSH \u2013 MSH ud\u011bluje titul v\u00fdkonn\u00fd v\u00fdbor [&hellip;]<\/p>\n","protected":false},"author":1,"featured_media":0,"parent":0,"menu_order":0,"comment_status":"closed","ping_status":"closed","template":"","meta":{"footnotes":""},"class_list":["post-79","page","type-page","status-publish","hentry"],"_links":{"self":[{"href":"https:\/\/www.sdhmnisek.cz\/index.php\/wp-json\/wp\/v2\/pages\/79","targetHints":{"allow":["GET"]}}],"collection":[{"href":"https:\/\/www.sdhmnisek.cz\/index.php\/wp-json\/wp\/v2\/pages"}],"about":[{"href":"https:\/\/www.sdhmnisek.cz\/index.php\/wp-json\/wp\/v2\/types\/page"}],"author":[{"embeddable":true,"href":"https:\/\/www.sdhmnisek.cz\/index.php\/wp-json\/wp\/v2\/users\/1"}],"replies":[{"embeddable":true,"href":"https:\/\/www.sdhmnisek.cz\/index.php\/wp-json\/wp\/v2\/comments?post=79"}],"version-history":[{"count":6,"href":"https:\/\/www.sdhmnisek.cz\/index.php\/wp-json\/wp\/v2\/pages\/79\/revisions"}],"predecessor-version":[{"id":118,"href":"https:\/\/www.sdhmnisek.cz\/index.php\/wp-json\/wp\/v2\/pages\/79\/revisions\/118"}],"wp:attachment":[{"href":"https:\/\/www.sdhmnisek.cz\/index.php\/wp-json\/wp\/v2\/media?parent=79"}],"curies":[{"name":"wp","href":"https:\/\/api.w.org\/{rel}","templated":true}]}}