{"id":584,"date":"2019-04-04T20:06:17","date_gmt":"2019-04-04T20:06:17","guid":{"rendered":"http:\/\/www.sdhmnisek.cz\/?page_id=584"},"modified":"2024-03-01T21:43:25","modified_gmt":"2024-03-01T20:43:25","slug":"mladi-hasici","status":"publish","type":"page","link":"https:\/\/www.sdhmnisek.cz\/index.php\/o-nas\/mladi-hasici\/","title":{"rendered":"MLAD\u00cd HASI\u010cI"},"content":{"rendered":"\n<figure class=\"wp-block-image is-resized\"><img loading=\"lazy\" decoding=\"async\" width=\"1024\" height=\"768\" src=\"https:\/\/www.sdhmnisek.cz\/wp-content\/uploads\/2019\/04\/WhatsApp-Image-2019-04-05-at-17.27.12-1024x768.jpeg\" alt=\"\" class=\"wp-image-595\" style=\"width:588px;height:441px\"\/><\/figure>\n\n\n\n<p>N\u00e1\u0161 sbor se rozhodl v roce 2018 po n\u011bkolika letech ne\u010dinnosti obnovit krou\u017eek mlad\u00fdch hasi\u010d\u016f. <br>Od z\u00e1\u0159\u00ed roku 2018 tedy registrujeme 28 d\u011bt\u00ed ve v\u011bku 6-14 let, kte\u0159\u00ed hrd\u011b reprezentuj\u00ed n\u00e1\u0161 sbor.<\/p>\n\n\n\n<p><strong>Napl\u0148 krou\u017eku:<\/strong> D\u011bti se na krou\u017eku u\u010d\u00ed z\u00e1klady topografie, vzd\u011bl\u00e1vaj\u00ed se v prvn\u00ed pomoci a v neposledn\u00ed \u0159ad\u011b se tak\u00e9 seznamuj\u00ed s technikou<br>a vybaven\u00edm ur\u010den\u00fdm hasi\u010d\u016fm. V\u011bnuj\u00ed se tak\u00e9 po\u017e\u00e1rn\u00edmu \u00fatoku a dal\u0161\u00edm discipl\u00edn\u00e1m v r\u00e1mci p\u0159\u00edpravy na po\u017e\u00e1rn\u00ed hry Plamen. <\/p>\n\n\n\n<p><strong>Kdy se po\u0159\u00e1daj\u00ed sch\u016fze?<\/strong>  Sch\u016fze jsou ka\u017ed\u00fd \u010dtvrtek od 17. hodiny v na\u0161\u00ed hasi\u010d\u00e1rn\u011b. <a href=\"https:\/\/mapy.cz\/zakladni?x=14.2646532&amp;y=49.8666370&amp;z=17&amp;source=firm&amp;id=2136477\">Mapa<\/a><\/p>\n\n\n\n<p><strong>Jak se m\u016f\u017eu p\u0159ihl\u00e1sit? <\/strong>Nejl\u00e9pe ty nebo tv\u016fj rodi\u010d zavolejte na\u0161emu vedouc\u00edmu na n\u00ed\u017ee uveden\u00e9 telefonn\u00ed \u010d\u00edslo a dohodni se s n\u00edm.<br>M\u016f\u017ee\u0161 se p\u0159ij\u00edt, pod\u00edvat jak sch\u016fzky prob\u00edhaj\u00ed a vyzkou\u0161et si, zda by t\u011b bavilo b\u00fdt mlad\u00fdm hasi\u010dem.<\/p>\n\n\n\n<p><strong>Kolik se za krou\u017eek plat\u00ed? <\/strong>Jak u\u017e z na\u0161eho n\u00e1zvu vypl\u00fdv\u00e1, v\u0161e d\u011bl\u00e1me dobrovoln\u011b a n\u00e1\u0161 \u010das d\u011btem v\u011bnujeme proto, \u017ee n\u00e1s hasi\u010dina bav\u00ed, <br>a proto se za krou\u017eek plat\u00ed symbolick\u00fdch 50,- K\u010d ro\u010dn\u011b.<\/p>\n\n\n\n<p>Hlavn\u00ed vedouc\u00ed: Miroslav \u0160r\u00e1mek<br>Telefon: +420 606 243 908<br><\/p>\n","protected":false},"excerpt":{"rendered":"<p>N\u00e1\u0161 sbor se rozhodl v roce 2018 po n\u011bkolika letech ne\u010dinnosti obnovit krou\u017eek mlad\u00fdch hasi\u010d\u016f. Od z\u00e1\u0159\u00ed roku 2018 tedy registrujeme 28 d\u011bt\u00ed ve v\u011bku 6-14 let, kte\u0159\u00ed hrd\u011b reprezentuj\u00ed n\u00e1\u0161 sbor. Napl\u0148 krou\u017eku: D\u011bti se na krou\u017eku u\u010d\u00ed z\u00e1klady topografie, vzd\u011bl\u00e1vaj\u00ed se v prvn\u00ed pomoci a v neposledn\u00ed \u0159ad\u011b se tak\u00e9 seznamuj\u00ed s technikoua [&hellip;]<\/p>\n","protected":false},"author":1,"featured_media":595,"parent":39,"menu_order":0,"comment_status":"closed","ping_status":"closed","template":"","meta":{"footnotes":""},"class_list":["post-584","page","type-page","status-publish","has-post-thumbnail","hentry"],"_links":{"self":[{"href":"https:\/\/www.sdhmnisek.cz\/index.php\/wp-json\/wp\/v2\/pages\/584","targetHints":{"allow":["GET"]}}],"collection":[{"href":"https:\/\/www.sdhmnisek.cz\/index.php\/wp-json\/wp\/v2\/pages"}],"about":[{"href":"https:\/\/www.sdhmnisek.cz\/index.php\/wp-json\/wp\/v2\/types\/page"}],"author":[{"embeddable":true,"href":"https:\/\/www.sdhmnisek.cz\/index.php\/wp-json\/wp\/v2\/users\/1"}],"replies":[{"embeddable":true,"href":"https:\/\/www.sdhmnisek.cz\/index.php\/wp-json\/wp\/v2\/comments?post=584"}],"version-history":[{"count":8,"href":"https:\/\/www.sdhmnisek.cz\/index.php\/wp-json\/wp\/v2\/pages\/584\/revisions"}],"predecessor-version":[{"id":704,"href":"https:\/\/www.sdhmnisek.cz\/index.php\/wp-json\/wp\/v2\/pages\/584\/revisions\/704"}],"up":[{"embeddable":true,"href":"https:\/\/www.sdhmnisek.cz\/index.php\/wp-json\/wp\/v2\/pages\/39"}],"wp:featuredmedia":[{"embeddable":true,"href":"https:\/\/www.sdhmnisek.cz\/index.php\/wp-json\/wp\/v2\/media\/595"}],"wp:attachment":[{"href":"https:\/\/www.sdhmnisek.cz\/index.php\/wp-json\/wp\/v2\/media?parent=584"}],"curies":[{"name":"wp","href":"https:\/\/api.w.org\/{rel}","templated":true}]}}