{"id":461,"date":"2019-02-22T07:25:41","date_gmt":"2019-02-22T07:25:41","guid":{"rendered":"http:\/\/www.sdhmnisek.cz\/?page_id=461"},"modified":"2019-02-22T08:43:53","modified_gmt":"2019-02-22T08:43:53","slug":"o-mnisek-pod-brdy","status":"publish","type":"page","link":"https:\/\/www.sdhmnisek.cz\/index.php\/o-mnisek-pod-brdy\/","title":{"rendered":"O Mn\u00ed\u0161ku pod Brdy"},"content":{"rendered":"\n<figure class=\"wp-block-image\"><img loading=\"lazy\" decoding=\"async\" width=\"1024\" height=\"683\" src=\"https:\/\/www.sdhmnisek.cz\/wp-content\/uploads\/2019\/02\/IMG_2356-1024x683.jpg\" alt=\"\" class=\"wp-image-472\" srcset=\"https:\/\/www.sdhmnisek.cz\/wp-content\/uploads\/2019\/02\/IMG_2356-1024x683.jpg 1024w, https:\/\/www.sdhmnisek.cz\/wp-content\/uploads\/2019\/02\/IMG_2356-300x200.jpg 300w, https:\/\/www.sdhmnisek.cz\/wp-content\/uploads\/2019\/02\/IMG_2356-768x512.jpg 768w\" sizes=\"auto, (max-width: 1024px) 100vw, 1024px\" \/><figcaption>Z\u00e1mek Mn\u00ed\u0161ek pod Brdy<\/figcaption><\/figure>\n\n\n\n<p><strong>Mn\u00ed\u0161ek pod Brdy<\/strong>&nbsp;je&nbsp;m\u011bsto&nbsp;v&nbsp;okresu Praha-z\u00e1pad. Nach\u00e1z\u00ed se 27 km jihoz\u00e1padn\u011b od&nbsp;Prahy&nbsp;na \u00fapat\u00ed&nbsp;Brdsk\u00e9ho&nbsp;h\u0159ebene. Na kopci nad m\u011bstem se nal\u00e9z\u00e1&nbsp;barokn\u00ed&nbsp;are\u00e1l zn\u00e1m\u00e9ho&nbsp;poutn\u00edho m\u00edsta Skalka. Pro sv\u00e9&nbsp;lesnat\u00e9&nbsp;okol\u00ed a dobrou dostupnost jihoz\u00e1padn\u00ed \u010d\u00e1sti Prahy je Mn\u00ed\u0161ek pod Brdy obl\u00edbenou s\u00eddeln\u00ed adresou. \u017dije zde&nbsp;p\u0159ibli\u017en\u011b 5&nbsp;700 obyvatel.<\/p>\n\n\n\n<figure class=\"wp-block-image\"><img loading=\"lazy\" decoding=\"async\" width=\"1024\" height=\"576\" src=\"https:\/\/www.sdhmnisek.cz\/wp-content\/uploads\/2019\/02\/Screenshot_20190222-094145-e1550824965185-1024x576.png\" alt=\"\" class=\"wp-image-475\" srcset=\"https:\/\/www.sdhmnisek.cz\/wp-content\/uploads\/2019\/02\/Screenshot_20190222-094145-e1550824965185-1024x576.png 1024w, https:\/\/www.sdhmnisek.cz\/wp-content\/uploads\/2019\/02\/Screenshot_20190222-094145-e1550824965185-300x169.png 300w, https:\/\/www.sdhmnisek.cz\/wp-content\/uploads\/2019\/02\/Screenshot_20190222-094145-e1550824965185-768x432.png 768w, https:\/\/www.sdhmnisek.cz\/wp-content\/uploads\/2019\/02\/Screenshot_20190222-094145-e1550824965185.png 1216w\" sizes=\"auto, (max-width: 1024px) 100vw, 1024px\" \/><\/figure>\n\n\n\n<p>Katastr\u00e1ln\u00ed \u00fazem\u00ed m\u011bsta se rozkl\u00e1d\u00e1 na plo\u0161e 26,50&nbsp;km\u00b2. <\/p>\n\n\n\n<p>Ofici\u00e1ln\u00ed str\u00e1nky m\u011bsta <a href=\"http:\/\/www.mnisek.cz\">http:\/\/www.mnisek.cz\/<\/a><\/p>\n","protected":false},"excerpt":{"rendered":"<p>Mn\u00ed\u0161ek pod Brdy&nbsp;je&nbsp;m\u011bsto&nbsp;v&nbsp;okresu Praha-z\u00e1pad. Nach\u00e1z\u00ed se 27 km jihoz\u00e1padn\u011b od&nbsp;Prahy&nbsp;na \u00fapat\u00ed&nbsp;Brdsk\u00e9ho&nbsp;h\u0159ebene. Na kopci nad m\u011bstem se nal\u00e9z\u00e1&nbsp;barokn\u00ed&nbsp;are\u00e1l zn\u00e1m\u00e9ho&nbsp;poutn\u00edho m\u00edsta Skalka. Pro sv\u00e9&nbsp;lesnat\u00e9&nbsp;okol\u00ed a dobrou dostupnost jihoz\u00e1padn\u00ed \u010d\u00e1sti Prahy je Mn\u00ed\u0161ek pod Brdy obl\u00edbenou s\u00eddeln\u00ed adresou. \u017dije zde&nbsp;p\u0159ibli\u017en\u011b 5&nbsp;700 obyvatel. Katastr\u00e1ln\u00ed \u00fazem\u00ed m\u011bsta se rozkl\u00e1d\u00e1 na plo\u0161e 26,50&nbsp;km\u00b2. Ofici\u00e1ln\u00ed str\u00e1nky m\u011bsta http:\/\/www.mnisek.cz\/<\/p>\n","protected":false},"author":1,"featured_media":0,"parent":0,"menu_order":0,"comment_status":"closed","ping_status":"closed","template":"","meta":{"footnotes":""},"class_list":["post-461","page","type-page","status-publish","hentry"],"_links":{"self":[{"href":"https:\/\/www.sdhmnisek.cz\/index.php\/wp-json\/wp\/v2\/pages\/461","targetHints":{"allow":["GET"]}}],"collection":[{"href":"https:\/\/www.sdhmnisek.cz\/index.php\/wp-json\/wp\/v2\/pages"}],"about":[{"href":"https:\/\/www.sdhmnisek.cz\/index.php\/wp-json\/wp\/v2\/types\/page"}],"author":[{"embeddable":true,"href":"https:\/\/www.sdhmnisek.cz\/index.php\/wp-json\/wp\/v2\/users\/1"}],"replies":[{"embeddable":true,"href":"https:\/\/www.sdhmnisek.cz\/index.php\/wp-json\/wp\/v2\/comments?post=461"}],"version-history":[{"count":8,"href":"https:\/\/www.sdhmnisek.cz\/index.php\/wp-json\/wp\/v2\/pages\/461\/revisions"}],"predecessor-version":[{"id":479,"href":"https:\/\/www.sdhmnisek.cz\/index.php\/wp-json\/wp\/v2\/pages\/461\/revisions\/479"}],"wp:attachment":[{"href":"https:\/\/www.sdhmnisek.cz\/index.php\/wp-json\/wp\/v2\/media?parent=461"}],"curies":[{"name":"wp","href":"https:\/\/api.w.org\/{rel}","templated":true}]}}