{"id":44,"date":"2018-12-06T17:54:08","date_gmt":"2018-12-06T17:54:08","guid":{"rendered":"http:\/\/www.sdhmnisek.cz\/?page_id=44"},"modified":"2018-12-07T09:34:47","modified_gmt":"2018-12-07T09:34:47","slug":"technika","status":"publish","type":"page","link":"https:\/\/www.sdhmnisek.cz\/index.php\/technika\/","title":{"rendered":"Technika"},"content":{"rendered":"\n<div class=\"wp-block-columns has-2-columns is-layout-flex wp-container-core-columns-is-layout-9d6595d7 wp-block-columns-is-layout-flex\">\n<div class=\"wp-block-column is-layout-flow wp-block-column-is-layout-flow\">\n<p class=\"has-text-color has-medium-font-size has-vivid-red-color\"><strong>CAS 25 &#8211; Liaz 101<\/strong><\/p>\n\n\n\n<div class=\"wp-block-image\"><figure class=\"aligncenter is-resized\"><img decoding=\"async\" src=\"https:\/\/www.sdhmnisek.cz\/wp-content\/uploads\/2018\/12\/Resize-of-230702001-Liaz-300x198.jpg\" alt=\"\" class=\"wp-image-133\" height=\"195\" srcset=\"https:\/\/www.sdhmnisek.cz\/wp-content\/uploads\/2018\/12\/Resize-of-230702001-Liaz-300x198.jpg 300w, https:\/\/www.sdhmnisek.cz\/wp-content\/uploads\/2018\/12\/Resize-of-230702001-Liaz.jpg 480w\" sizes=\"(max-width: 300px) 100vw, 300px\" \/><\/figure><\/div>\n\n\n\n<p><\/p>\n\n\n\n<ul class=\"wp-block-list\"><li>jedn\u00e1 se o tzv. prvov\u00fdjezdov\u00e9 vozidlo na\u0161\u00ed jednotky<\/li><li>disponuje 2500 litry vody, vysokotlak\u00fdm veden\u00edm a p\u011bnidlem pro specifick\u00e9 hasebn\u00ed pr\u00e1ce<\/li><li>je vybavena mimo jin\u00e9 elektrocentr\u00e1lou, motorovou pilou, rozbrusem, d\u00fdchac\u00ed technikou a plovouc\u00edm \u010derpadlem&nbsp;<\/li><\/ul>\n\n\n\n<p><\/p>\n<\/div>\n\n\n\n<div class=\"wp-block-column is-layout-flow wp-block-column-is-layout-flow\">\n<p class=\"has-text-color has-medium-font-size has-vivid-red-color\"><strong>CAS 32 &#8211; Tatra 815<\/strong><\/p>\n\n\n\n<div class=\"wp-block-image\"><figure class=\"aligncenter\"><img loading=\"lazy\" decoding=\"async\" width=\"300\" height=\"195\" src=\"https:\/\/www.sdhmnisek.cz\/wp-content\/uploads\/2018\/12\/230702005-Tatra-815-300x195.jpg\" alt=\"\" class=\"wp-image-132\" srcset=\"https:\/\/www.sdhmnisek.cz\/wp-content\/uploads\/2018\/12\/230702005-Tatra-815-300x195.jpg 300w, https:\/\/www.sdhmnisek.cz\/wp-content\/uploads\/2018\/12\/230702005-Tatra-815.jpg 497w\" sizes=\"auto, (max-width: 300px) 100vw, 300px\" \/><\/figure><\/div>\n\n\n\n<p><\/p>\n\n\n\n<ul class=\"wp-block-list\"><li>jedn\u00e1 se o cisternovou automobilovou st\u0159\u00edka\u010dku kter\u00e1 disponuje 8000 litry vody<\/li><li>je vybavena&nbsp; d\u00fdchac\u00ed technikou, elektrocentr\u00e1lou, motorovou pilou a dal\u0161\u00edm vybaven\u00edm<\/li><\/ul>\n\n\n\n<p><\/p>\n<\/div>\n<\/div>\n\n\n\n<div class=\"wp-block-columns has-2-columns is-layout-flex wp-container-core-columns-is-layout-9d6595d7 wp-block-columns-is-layout-flex\">\n<div class=\"wp-block-column is-layout-flow wp-block-column-is-layout-flow\">\n<p class=\"has-text-color has-medium-font-size has-vivid-red-color\"><strong>CAS 32 &#8211; Tatra 138<\/strong><\/p>\n\n\n\n<div class=\"wp-block-image\"><figure class=\"aligncenter is-resized\"><img loading=\"lazy\" decoding=\"async\" src=\"https:\/\/www.sdhmnisek.cz\/wp-content\/uploads\/2018\/12\/230702003-Tatra-138.jpg\" alt=\"\" class=\"wp-image-130\" width=\"300\" height=\"195\"\/><\/figure><\/div>\n\n\n\n<ul class=\"wp-block-list\"><li>disponuje 6600 litry vody<\/li><li>i p\u0159es to, \u017ee se jedn\u00e1 o star\u0161\u00ed vozidlo je na\u0161\u00ed jednotkou pln\u011b vyu\u017e\u00edv\u00e1no, jeliko\u017e je nenahraditeln\u00e9 p\u0159ev\u00e1\u017en\u011b pro svou prostupnost ter\u00e9nem<\/li><li>je vybavena&nbsp; d\u00fdchac\u00ed technikou, motorovou pilou, plovouc\u00edm \u010derpadlem a dal\u0161\u00edm vybaven\u00edm<\/li><\/ul>\n<\/div>\n\n\n\n<div class=\"wp-block-column is-layout-flow wp-block-column-is-layout-flow\">\n<p class=\"has-text-color has-medium-font-size has-vivid-red-color\"><strong>CAS 16 &#8211; Praga RN<\/strong><\/p>\n\n\n\n<div class=\"wp-block-image\"><figure class=\"aligncenter is-resized\"><img loading=\"lazy\" decoding=\"async\" src=\"https:\/\/www.sdhmnisek.cz\/wp-content\/uploads\/2018\/12\/230702004-Erena.jpg\" alt=\"\" class=\"wp-image-131\" width=\"300\" height=\"195\" srcset=\"https:\/\/www.sdhmnisek.cz\/wp-content\/uploads\/2018\/12\/230702004-Erena.jpg 480w, https:\/\/www.sdhmnisek.cz\/wp-content\/uploads\/2018\/12\/230702004-Erena-300x196.jpg 300w\" sizes=\"auto, (max-width: 300px) 100vw, 300px\" \/><\/figure><\/div>\n\n\n\n<ul class=\"wp-block-list\"><li>dnes ji\u017e historick\u00e9 vozidlo, kter\u00e9 bylo nasazeno nap\u0159\u00edklad tak\u00e9 p\u0159i d\u016fv\u011brn\u011b zn\u00e1m\u00e9m po\u017e\u00e1ru Svat\u00e9 hory u P\u0159\u00edbrami v roce 1978<\/li><li>I p\u0159es sta\u0159\u00ed je vozidlo d\u00edky p\u00e9\u010di na\u0161ich hasi\u010d\u016f st\u00e1le pln\u011b poj\u00edzdn\u00e9 a funk\u010dn\u00ed&nbsp;<\/li><\/ul>\n\n\n\n<p><\/p>\n<\/div>\n<\/div>\n\n\n<p style=\"font-weight: 400;\">V\u0161echna vozidla pravideln\u011b kontrolujeme a servisujeme aby byla schopna vyjet k ud\u00e1losti v\u017edy, kdy je n\u00e1s pot\u0159eba. Vozidla tak\u00e9 proch\u00e1zej\u00ed pravideln\u00fdmi technick\u00fdmi kontrolami a jsou tedy zp\u016fsobil\u00e1 plnit \u00fakoly, pro kter\u00e9 jsou ur\u010deny.\u00a0\u00a0\u00a0\u00a0\u00a0\u00a0\u00a0\u00a0\u00a0<\/p>\n<p style=\"font-weight: 400;\">Ve\u0161ker\u00e1 d\u00fdchac\u00ed technika ( 9 ks VDP Saturn a 14 ks VDP Dr\u00e4ger) je pravideln\u011b kontrolov\u00e1na v\u00a0p\u0159edepsan\u00fdch lh\u016ft\u00e1ch u protiplynov\u00e9 slu\u017eby HZS Praha &#8211; z\u00e1pad a je mo\u017eno ji kdykoli bez obav pou\u017e\u00edt.\u00a0\u00a0\u00a0\u00a0\u00a0\u00a0\u00a0<\/p>\n<p style=\"font-weight: 400;\">D\u00e1le je z\u00e1sahov\u00e1 jednotka vybavena p\u0159\u00edlbami Gallet, kab\u00e1ty Nomex, kapesn\u00edmi radiostanicemi, obleky proti s\u00e1lav\u00e9mu teplu a ostatn\u00edmi ochrann\u00fdmi pom\u016fckami, co\u017e umo\u017e\u0148uje prov\u00e1d\u011bn\u00ed z\u00e1sahu i ve velmi st\u00ed\u017een\u00fdch a slo\u017eit\u00fdch podm\u00ednk\u00e1ch. D\u00edky vybavenosti a vycvi\u010denosti na\u0161\u00ed z\u00e1sahov\u00e9 jednotky a d\u00edky pravideln\u00e9mu seznamov\u00e1n\u00ed se s\u00a0technikou a novinkami v technick\u00fdch prost\u0159edc\u00edch hasi\u010dsk\u00fdch z\u00e1chrann\u00fdch sbor\u016f, jejich\u017e jsou na\u0161i \u010dlenov\u00e9 p\u0159\u00edslu\u0161n\u00edky, se da\u0159\u00ed dr\u017eet z\u00e1jem \u010dlen\u016f o hasi\u010dsk\u00e9 \u0159emeslo, b\u00fdt rovnocenn\u00fdm partnerem a nezanedbateln\u00fdm spolupracovn\u00edkem HZS okresu Praha z\u00e1pad, co\u017e se pravideln\u011b prokazuje na spole\u010dn\u00fdch z\u00e1saz\u00edch.<\/p>\n<p style=\"font-weight: 400;\">Svol\u00e1v\u00e1n\u00ed \u010dlen\u016f z\u00e1sahov\u00e9 jednotky je \u0159e\u0161eno prim\u00e1rn\u011b za pomoci port\u00e1lu FIERPORT, kter\u00fd zas\u00edl\u00e1 \u010dlen\u016fm na\u0161\u00ed jednotky informa\u010dn\u00ed SMS zpr\u00e1vu o vyhl\u00e1\u0161en\u00ed po\u017e\u00e1rn\u00edho a n\u00e1sledn\u011b cestou telefonn\u00edho hovoru p\u0159ed\u00e1v\u00e1 jednotliv\u00e9mu hasi\u010di bli\u017e\u0161\u00ed informace o ud\u00e1losti ke kter\u00e9 je povol\u00e1n. D\u00e1le vyu\u017e\u00edv\u00e1me tak\u00e9 star\u0161\u00ed syst\u00e9m, kdy jsou na\u0161i hasi\u010di svol\u00e1v\u00e1ni pomoc\u00ed zpr\u00e1v SMS zas\u00edlan\u00fdch na mobiln\u00ed telefony z\u00a0krajsk\u00e9ho opera\u010dn\u00edho st\u0159ediska v\u00a0Kladn\u011b. Proto je starou zn\u00e1mou sir\u00e9nu um\u00edst\u011bnou na na\u0161\u00ed hasi\u010dsk\u00e9 zbrojnici sly\u0161et jen v p\u0159\u00edpad\u011b jej\u00ed zkou\u0161ky.\u00a0\u00a0\u00a0<\/p>\n<p style=\"font-weight: 400;\">Pr\u00e1ce a z\u00e1sluhy p\u0159\u00edslu\u0161n\u00edk\u016f z\u00e1sahov\u00e9 jednotky byla mnohokr\u00e1t ocen\u011bna i \u0159\u00e1dy vyznamen\u00e1n\u00edmi. Medaile &#8222;Za odvahu a state\u010dnost (3 p\u0159\u00edslu\u0161n\u00edci) &#8222;Za z\u00e1chranu \u017eivota&#8220; (2 p\u0159\u00edslu\u0161n\u00edci), &#8222;\u0158\u00e1d sv. Flori\u00e1na&#8220; (4 p\u0159\u00edslu\u0161n\u00edci), &#8222;Za mimo\u0159\u00e1dn\u00e9 z\u00e1sluhy&#8220; (4 p\u0159\u00edslu\u0161n\u00edci), &#8222;Medaile sv. Flori\u00e1na&#8220; (4 p\u0159\u00edslu\u0161n\u00edci), &#8222;Za slu\u017ebu vlasti&#8220; (1 p\u0159\u00edslu\u0161n\u00edk) a mnoho dal\u0161\u00edch ocen\u011bn\u00ed a vyznamen\u00e1n\u00ed v\u010detn\u011b d\u011bkovn\u00fdch dopis\u016f od instituc\u00ed i ob\u010dan\u016f.\u00a0<\/p>\n\n\n<p><\/p>\n","protected":false},"excerpt":{"rendered":"<p>CAS 25 &#8211; Liaz 101 jedn\u00e1 se o tzv. prvov\u00fdjezdov\u00e9 vozidlo na\u0161\u00ed jednotky disponuje 2500 litry vody, vysokotlak\u00fdm veden\u00edm a p\u011bnidlem pro specifick\u00e9 hasebn\u00ed pr\u00e1ce je vybavena mimo jin\u00e9 elektrocentr\u00e1lou, motorovou pilou, rozbrusem, d\u00fdchac\u00ed technikou a plovouc\u00edm \u010derpadlem&nbsp; CAS 32 &#8211; Tatra 815 jedn\u00e1 se o cisternovou automobilovou st\u0159\u00edka\u010dku kter\u00e1 disponuje 8000 litry vody je [&hellip;]<\/p>\n","protected":false},"author":1,"featured_media":0,"parent":0,"menu_order":0,"comment_status":"closed","ping_status":"closed","template":"","meta":{"footnotes":""},"class_list":["post-44","page","type-page","status-publish","hentry"],"_links":{"self":[{"href":"https:\/\/www.sdhmnisek.cz\/index.php\/wp-json\/wp\/v2\/pages\/44","targetHints":{"allow":["GET"]}}],"collection":[{"href":"https:\/\/www.sdhmnisek.cz\/index.php\/wp-json\/wp\/v2\/pages"}],"about":[{"href":"https:\/\/www.sdhmnisek.cz\/index.php\/wp-json\/wp\/v2\/types\/page"}],"author":[{"embeddable":true,"href":"https:\/\/www.sdhmnisek.cz\/index.php\/wp-json\/wp\/v2\/users\/1"}],"replies":[{"embeddable":true,"href":"https:\/\/www.sdhmnisek.cz\/index.php\/wp-json\/wp\/v2\/comments?post=44"}],"version-history":[{"count":17,"href":"https:\/\/www.sdhmnisek.cz\/index.php\/wp-json\/wp\/v2\/pages\/44\/revisions"}],"predecessor-version":[{"id":169,"href":"https:\/\/www.sdhmnisek.cz\/index.php\/wp-json\/wp\/v2\/pages\/44\/revisions\/169"}],"wp:attachment":[{"href":"https:\/\/www.sdhmnisek.cz\/index.php\/wp-json\/wp\/v2\/media?parent=44"}],"curies":[{"name":"wp","href":"https:\/\/api.w.org\/{rel}","templated":true}]}}