{"id":40,"date":"2018-12-06T17:54:08","date_gmt":"2018-12-06T17:54:08","guid":{"rendered":"http:\/\/www.sdhmnisek.cz\/?page_id=40"},"modified":"2018-12-06T17:55:55","modified_gmt":"2018-12-06T17:55:55","slug":"historie","status":"publish","type":"page","link":"https:\/\/www.sdhmnisek.cz\/index.php\/historie\/","title":{"rendered":"Historie"},"content":{"rendered":"<p style=\"font-weight: 400;\">Ohe\u0148 m\u011bl v cel\u00e9m pr\u016fb\u011bhu d\u011bjin pro \u010dlov\u011bka a jeho hospod\u00e1\u0159sk\u00fd i spole\u010densk\u00fd \u017eivot nesm\u00edrn\u00fd v\u00fdznam. Poskytoval mu teplo, chr\u00e1nil ho p\u0159ed dravou zv\u011b\u0159\u00ed, dal mu mo\u017enost p\u0159ipravovat si pokrmy, pom\u00e1hal mu m\u00fdtit lesy a m\u011bnit je v \u00farodn\u00e1 pole. Nebezpe\u010d\u00ed ohn\u011b se projevilo v tom okam\u017eiku, kdy nad n\u00edm \u010dlov\u011bk ztratil vl\u00e1du, kdy se zm\u011bnil v po\u017e\u00e1r, ni\u010d\u00edc\u00ed v\u00fdsledky lidsk\u00e9 pr\u00e1ce. Na n\u00edzk\u00e9m stupni vzd\u011blanosti se \u010dlov\u011bk sna\u017eil ohe\u0148 usm\u00ed\u0159it dary a ob\u011b\u0165mi. Kdy\u017e ale poznal, \u017ee bo\u017e\u00ed pomoc nepom\u00e1h\u00e1, za\u010dal se spol\u00e9hat na vlastn\u00ed s\u00edlu. Z r\u016fzn\u00fdch star\u00fdch z\u00e1znam\u016f vypl\u00fdv\u00e1, \u017ee o po\u017e\u00e1rn\u00ed bezpe\u010dnost bylo a muselo b\u00fdt dostate\u010dn\u011b db\u00e1no, proto\u017ee v p\u0159ev\u00e1\u017en\u00e9 m\u00ed\u0159e byla obydl\u00ed a hospod\u00e1\u0159sk\u00e1 staven\u00ed d\u0159ev\u011bn\u00e1, se st\u0159e\u0161n\u00ed krytinou \u0161indelovou \u010di do\u0161kovou, co\u017e bylo dodate\u010dnou potravou ke zhoubn\u00fdm po\u017e\u00e1r\u016fm. Hlavn\u00ed osobou v p\u0159edch\u00e1zen\u00ed po\u017e\u00e1r\u016f byl komin\u00edk, v dob\u011b no\u010dn\u00ed byl str\u00e1\u017ecem proti ohni a ru\u0161en\u00ed no\u010dn\u00edho klidu ponocn\u00fd. Ohe\u0148 byl nejv\u011bt\u0161\u00edm nep\u0159\u00edtelem, kter\u00fd mohl zni\u010dit ve\u0161ker\u00e9 v\u00fdsledky lidsk\u00e9ho sna\u017een\u00ed. Toho si byli tak\u00e9 v\u0161ichni v\u011bdomi,\u00a0 v\u010detn\u011b tehdej\u0161\u00edch majitel\u016f pol\u00ed a les\u016f Velkostatku mn\u00ed\u0161eck\u00e9ho, v\u010detn\u011b k n\u011bmu n\u00e1le\u017eej\u00edc\u00edch statk\u016f v okol\u00ed. Majitel\u00e9 a p\u0159edstaven\u00ed obc\u00ed, vy\u017eadovali po sv\u00fdch pod\u0159\u00edzen\u00fdch, ob\u010danech, \u0159emesln\u00edc\u00edch a cech\u00e1ch povinnosti p\u0159i vzniku takov\u00e9to ud\u00e1losti, kter\u00e9 jim ur\u010doval ji\u017e v dob\u011b d\u00e1vno minul\u00e9 po\u017e\u00e1rn\u00ed \u0159\u00e1d. Podle star\u00fdch p\u00edsemn\u00fdch z\u00e1znam\u016f, byla ochrana majetku obyvatel na\u0161eho m\u011bste\u010dka ot\u00e1zkou i n\u011bkolika ob\u010dan\u016f, kte\u0159\u00ed mezi sebou utvo\u0159ili zvl\u00e1\u0161tn\u00ed skupinu lid\u00ed, kter\u00e1 m\u011bla za \u00fakol prov\u00e1d\u011bt speci\u00e1ln\u00ed odborn\u00e9 hasi\u010dsk\u00e9 pr\u00e1ce, aby v\u00fdsledky boje s ohn\u011bm byly \u00fasp\u011b\u0161n\u00e9 a \u00fa\u010dinn\u00e9. Z m\u011bstsk\u00e9 kroniky se dov\u00edd\u00e1me, v z\u00e1pise z roku 1859, \u017ee \u201e&#8230;ten, kter\u00fd dod\u00e1 prvn\u00ed p\u0159\u00edp\u0159e\u017e pro dopravu vody k po\u017e\u00e1ru dostane 2 zlat\u00e9, kdo dod\u00e1\u00a0 druhou p\u0159\u00edp\u0159e\u017e, dostane 1 zlat\u00fd a t\u0159et\u00ed p\u0159\u00edp\u0159e\u017e 50 krejcar\u016f&#8230;\u201c. Zde tedy ze z\u00e1pisu mal\u00e9 zpr\u00e1vy je patrn\u00e9, \u017ee Mn\u00ed\u0161ek m\u011bl ji\u017e tehdy\u00a0 organisovanou po\u017e\u00e1rn\u00ed ochranu na \u00fazem\u00ed m\u011bsta. A\u017e roku 1879 tehdej\u0161\u00ed starosta hodnotil \u010dinnost sboru slovy: \u201e&#8230; sbor m\u00e1 20 \u010dlen\u016f ke cvi\u010den\u00edm sborov\u00fdm s t\u00edm, \u017ee se m\u016f\u017ee honositi skv\u011bl\u00fdmi v\u00fdsledky nejen co do p\u016fsobnosti, n\u00fdbr\u017e i ze str\u00e1nky finan\u010dn\u00ed. Od dobrodinc\u016f, z ve\u0159ejn\u00fdch z\u00e1bav a \u010dlensk\u00fdch p\u0159\u00edsp\u011bvk\u016f d\u00e1na byla dohromady \u010d\u00e1stka 153 zlat\u00fdch a 90 krejcar\u016f, z \u010deho\u017e\u00a0 zaplaceno bylo za 20 ko\u0161\u00edk\u016f na vodu k ohni \u010d\u00e1stkou 30 zlat\u00fdch&#8230;\u201c D\u00e1le pak byly provedeny volby p\u0159edstavenstva dle Stanov, co Sboru z\u00e1konn\u011b povolen\u00e9mu. Zde ji\u017e m\u00e1me z\u00e1pisem a doklady dolo\u017eeno, \u017ee dne 1. \u00fanora 1879 byl \u00fa\u0159edn\u011b a z\u00e1konn\u011b zalo\u017een Sbor dobrovoln\u00fdch hasi\u010d\u016f v Mn\u00ed\u0161ku pod Brdy spadaj\u00edc\u00ed pod c.k. hejtmanstv\u00ed Sm\u00edchov, zem\u011b \u010cesk\u00e9.<\/p>\n<p style=\"font-weight: 400;\">Ve\u0161ker\u00e9 pot\u0159eby pro svoji \u010dinnost, jako byly ko\u0161e na vodu, \u017eeb\u0159\u00edky a h\u00e1ky\u00a0 byly kupov\u00e1ny z p\u0159\u00edsp\u011bvk\u016f \u010dlen\u016f p\u0159isp\u00edvaj\u00edc\u00edch, z dar\u016f Mn\u00ed\u0161eck\u00e9 obce, z v\u00fdt\u011b\u017ek\u016f po\u0159\u00e1dan\u00fdch ples\u016f a dar\u016f tehdej\u0161\u00edch mecen\u00e1\u0161\u016f. Podle v\u00fdkazu z roku 1894 \u201e&#8230;m\u00e1 obec Mn\u00ed\u0161ek 1425 obyvatel, po\u010det domovn\u00edch \u010d\u00edsel 203, kter\u00e1 jsou v\u0161echna obydlena, d\u00e1le m\u00e1 200 stodol a chl\u00e9v\u016f. V m\u00edst\u011b nach\u00e1zej\u00ed se 4 rybn\u00edky, z nich\u017e nejbli\u017e\u0161\u00ed je 500 metr\u016f k odb\u011bru vody na ha\u0161en\u00ed vzd\u00e1len\u00fd.\u00a0 Pokud se hasi\u010dsk\u00e9ho n\u00e1\u010din\u00ed t\u00fdk\u00e1, skl\u00e1d\u00e1 se z jedn\u00e9 \u010dty\u0159kolov\u00e9 st\u0159\u00edka\u010dky,\u00a0 4 velk\u00fdch trhac\u00edch h\u00e1k\u016f, 6 men\u0161\u00edch h\u00e1k\u016f, 8 sud\u016f na p\u0159iv\u00e1\u017een\u00ed vody k po\u017e\u00e1ru, 2 \u017eeb\u0159\u00edky a 20 ko\u0161\u016f na vodu. Tento hasi\u010dsk\u00fd majetek m\u00e1 hodnotu 355 zlat\u00fdch a 40 krejcar\u016f. Hasi\u010dsk\u00fd sbor \u010d\u00edt\u00e1 21 \u010dinn\u00fdch \u010dlen\u016f. Sbor dobrovoln\u00fdch hasi\u010d\u016f v Mn\u00ed\u0161ku pod Brdy byl v t\u00e9 dob\u011b \u010dlenem Zemsk\u00e9 \u00fast\u0159edn\u00ed jednoty hasi\u010dsk\u00e9 Kr\u00e1lovstv\u00ed \u010cesk\u00e9ho, prost\u0159ednictv\u00edm \u017eupn\u00ed okresn\u00ed jednoty PROUD v Nov\u00e9m Kn\u00edn\u011b. Z dal\u0161\u00ed \u010dinnosti sboru dle dochovan\u00fdch zpr\u00e1v: \u201e Dne 15 \u010dervna 1894 z\u00fa\u010dastnil se sbor ha\u0161en\u00ed po\u017e\u00e1ru v obci \u010cisovice. A a\u010d pr\u00e1v\u011b d\u011bsn\u00fd v\u00edtr panoval, poda\u0159ilo se sboru ve\u0161ker\u00e1 sousedn\u00ed d\u0159ev\u011bn\u00e1 a sl\u00e1mou zakryt\u00e1 obydl\u00ed a staven\u00ed zachr\u00e1niti, co\u017e z\u00e1le\u017eelo jen na sboru mn\u00ed\u0161eck\u00e9m, proto\u017ee sbor obce \u010cisovic velmi slab\u011b zastoupen byl. \u201c Sbor zd\u00e1rn\u011b vyv\u00edjel svoji \u010dinnost s ur\u010dit\u00fdmi \u00fasp\u011bchy jak v ob\u011btavosti na poli po\u017e\u00e1rn\u00ed ochrany, tak i z\u00e1rove\u0148 na poli osv\u011btov\u00e9m, co\u017e bylo za Rakouska pro \u010desk\u00fd n\u00e1rod zvl\u00e1\u0161t\u011b d\u016fle\u017eit\u00e9. V Mn\u00ed\u0161ku existovala \u201e Knihovna\u00a0 Dobrovoln\u00e9ho hasi\u010dsk\u00e9ho sboru\u201c, kter\u00e1 nep\u016fj\u010dovala knihy jen sv\u00fdm \u010dlen\u016fm, ale i ostatn\u00edm ob\u010dan\u016fm m\u011bsta. Tato knihovna se stala sou\u010d\u00e1st\u00ed obecn\u00ed knihovny, kolem roku 1920. Velkou\u00a0 kulturn\u00ed a spole\u010denskou akc\u00ed n\u00e1rodnostn\u00edho v\u00fdznamu byla v Mn\u00ed\u0161ku slavnost dvacetilet\u00e9ho trv\u00e1n\u00ed Sboru dobrovoln\u00fdch hasi\u010d\u016f konan\u00e1 dne 25. \u010dervna 1899, p\u0159i n\u00ed\u017e bylo provedeno sv\u011bcen\u00ed nov\u00e9 st\u0159\u00edka\u010dky zakoupen\u00e9 z vlastn\u00edch pen\u011bz sboru. Prv\u00e1 hasi\u010dsk\u00e1 zbrojnice se v t\u00e9 dob\u011b nach\u00e1zela v kosteln\u00ed zdi s vy\u00fast\u011bn\u00edm na komunikaci nap\u0159\u00ed\u010d n\u00e1m\u011bst\u00edm. P\u0159\u00edchod 20. stolet\u00ed nebyl v Mn\u00ed\u0161ku zrovna radostn\u00fd. Roku 1900 vypukl ve m\u011bst\u011b velk\u00fd po\u017e\u00e1r, kter\u00fd zachv\u00e1til z\u00e1padn\u00ed \u010d\u00e1st n\u00e1m\u011bst\u00ed, od M\u011bstsk\u00e9ho \u00fa\u0159adu a\u017e ke Spr\u00e1v\u011b poles\u00ed,\u00a0 kde cel\u00e1 \u0159ada dom\u016f lehla popelem. V letech 1904 a 1905 p\u0159i\u0161la tak\u00e9 men\u0161\u00ed krize, jej\u00ed\u017e p\u0159\u00ed\u010dinou byly ur\u010dit\u00e9 neshody ve sboru vznikl\u00e9 na z\u00e1klad\u011b pomluvy, \u017ee pr\u00fd p\u0159i po\u017e\u00e1ru v Kyt\u00edn\u011b mn\u00ed\u0161e\u010dt\u00ed hasi\u010di nepracovali s nejv\u011bt\u0161\u00edm \u00fasil\u00edm. Nov\u00fd v\u00fdbor sboru byl zvolen 12. listopadu 1905. Po jeho nahl\u00e1\u0161en\u00ed nad\u0159\u00edzen\u00e9mu org\u00e1nu, kter\u00fdm byla v t\u00e9 dob\u011b hasi\u010dsk\u00e1 \u017eupa KAZ\u00cdN se dal do pr\u00e1ce. \u010cinnost sboru byla v kr\u00e1tk\u00e9 dob\u011b op\u011bt velmi dob\u0159e hodnocena. Velitelem byla chv\u00e1lena poslu\u0161nost a rychlost \u010dlen\u016f p\u0159i po\u017e\u00e1rech. Tuto z\u00e1slu\u017enou a ob\u011btavou pr\u00e1ci hasi\u010d\u016f tehdy ocenilo i Jeho Veli\u010denstvo c\u00edsa\u0159 a vydal za 25tilet\u00e9 \u010dinn\u00e9 \u010dlenstv\u00ed \u201e Z\u00e1slu\u017en\u00e9 medaile \u201c, kter\u00e9 obdr\u017eeli z Mn\u00ed\u0161ku 3 \u010dlenov\u00e9 sboru. Byla to velik\u00e1 oslava, zakon\u010den\u00e1 po rakousk\u00e9 hymn\u011b p\u00edsn\u00ed\u00a0 \u201e Kde domov m\u016fj \u201c.<\/p>\n<p style=\"font-weight: 400;\">\u010clenov\u00e9 hasi\u010dsk\u00e9ho sboru nad\u00e1le prov\u00e1d\u011bli cvi\u010den\u00ed a jezdili k po\u017e\u00e1r\u016fm. Av\u0161ak obecn\u00ed v\u00fdbor m\u011bl p\u0159\u00e1n\u00ed, aby se k po\u017e\u00e1r\u016fm v okoln\u00edch vesnic\u00edch nejezdilo, jenom p\u0159i velk\u00e9m v\u011btru, nebo na po\u017e\u00e1d\u00e1n\u00ed. Hasi\u010di tak\u00e9 sch\u016fzovali a jeliko\u017e nem\u011bli svoji st\u00e1lou m\u00edstnost, projedn\u00e1vali tedy sv\u00e9 \u00fakoly bu\u010f v hostinci Na Zlat\u00e9m vrchu u pana Li\u0161ky, U Chadim\u016f, U \u010cesk\u00e9 koruny u pana \u0160irok\u00e9ho, U \u010dern\u00e9ho kon\u011b u pana \u0160\u0165astn\u00e9ho, nebo ve Velk\u00e9 hospod\u011b u pana Rady. Hasi\u010di pom\u00e1hali i m\u00edstn\u00edm divadeln\u00edm ochotn\u00edk\u016fm p\u0159i jejich p\u0159edstaven\u00edch, kdy prov\u00e1d\u011bli asisten\u010dn\u00ed hl\u00eddky, ale z\u00e1rove\u0148 si p\u0159itom post\u011b\u017eovali, \u017ee \u201e p\u00e1ni ochotn\u00edci je pova\u017euj\u00ed za sv\u00e9 sluhy, co\u017e je pro sbor ned\u016fstojno\u201c. V roce 1912 si st\u011b\u017eoval velitel hasi\u010d\u016f, \u017ee je ve zbrojnici nepo\u0159\u00e1dek a \u201e&#8230; jak\u00e9 by to m\u011blo v p\u0159\u00edpad\u011b pot\u0159eby n\u00e1sledky, kdy\u017e voznice, \u017eeb\u0159\u00edky a jin\u00e9 pot\u0159ebn\u00e9 v\u011bci jsou rozp\u016fj\u010dov\u00e1ny po stavb\u00e1ch, a kl\u00ed\u010d od zbrojnice se nem\u00e1 nikomu p\u016fj\u010dovat&#8230;\u201c. Na z\u00e1klad\u011b t\u00e9to p\u0159ipom\u00ednky starosta sboru na\u0159\u00eddil starostovi obce, aby uvedl tuto v\u011bc ihned do po\u0159\u00e1dku. Starosta obce uvedl v brzk\u00e9 dob\u011b v\u0161e do n\u00e1le\u017eit\u00e9ho po\u0159\u00e1dku. 8. \u00fanora\u00a0 1914 bylo tak\u00e9 konstatov\u00e1no, \u017ee sbor m\u00e1 sice m\u00e1lo p\u0159\u00edznivc\u016f, ale p\u0159esto je nejpot\u0159ebn\u011bj\u0161\u00ed v obci a kdy\u017e vypukne po\u017e\u00e1r, sp\u011bch\u00e1 ka\u017ed\u00fd pom\u00e1hat a\u0165 je to ve dne \u010di v noci. Toto je posledn\u00ed zm\u00ednka p\u0159ed po\u010d\u00e1tkem sv\u011btov\u00e9 v\u00e1lky (1914 &#8211; 1918).\u00a0 Po skon\u010den\u00ed sv\u011btov\u00e9 v\u00e1le\u010dn\u00e9 v\u0159avy se 29. prosince 1918 se\u0161la prvn\u00ed \u010dlensk\u00e1 sch\u016fze v hostinci U \u010dern\u00e9ho kon\u011b, prvn\u00ed v samostatn\u00e9m \u010ceskoslovensk\u00e9m st\u00e1t\u011b. 30. \u010dervna 1920 vypukl v Mn\u00ed\u0161ku po\u017e\u00e1r. P\u0159i hodnocen\u00ed proveden\u00e9ho z\u00e1sahu bylo konstatov\u00e1no, \u017ee stroj byl ve vzorn\u00e9m po\u0159\u00e1dku na po\u017e\u00e1\u0159i\u0161t\u011b v\u010das dopraven, \u010dlenstvo se z\u00fa\u010dastnilo v pln\u00e9m po\u010dtu z\u00e1chrann\u00fdch prac\u00ed a ohe\u0148 byl v\u010das uha\u0161en. V t\u00e9 dob\u011b bylo tak\u00e9 mn\u00ed\u0161eck\u00fdmi ob\u010dany rozhodnuto, \u017ee na po\u010dest m\u00edstn\u00edch padl\u00fdch voj\u00e1k\u016f v prvn\u00ed sv\u011btov\u00e9 v\u00e1lce bude vystav\u011bn pomn\u00edk. Hasi\u010dsk\u00fd sbor v\u011bnoval na tuto akci 200 korun. V roce 1923 bylo rozhodnuto o zmotorizov\u00e1n\u00ed ru\u010dn\u00ed kon\u011bsp\u0159e\u017en\u00e9 st\u0159\u00edka\u010dky, za \u010d\u00e1stku 16.500 korun, co\u017e nebyla na tehdej\u0161\u00ed dobu lacin\u00e1 z\u00e1le\u017eitost. Od roku 1926 do roku 1936 nem\u00e1me \u017e\u00e1dn\u00e9 podklady ze \u017eivota sboru. 13. dubna 1937 byla v Mn\u00ed\u0161ku velk\u00e1 slavnost, p\u0159i kter\u00e9 byla Sboru dobrovoln\u00fdch hasi\u010d\u016f v Mn\u00ed\u0161ku pod Brdy p\u0159ed\u00e1na nov\u00e1 motorov\u00e1 st\u0159\u00edka\u010dka od firmy R.A. Smekal. Tak\u00e9 byl zakoupen za 8.000 korun prvn\u00ed\u00a0 automobil zn. BUICK pro dopravu mu\u017estva a st\u0159\u00edka\u010dky. V roce 1939 mn\u00ed\u0161e\u010dt\u00ed hasi\u010di zasahovali nejen u po\u017e\u00e1r\u016f, ale i p\u0159i povodn\u00edch v Mn\u00ed\u0161ku, \u010cisovic\u00edch a Bojov\u011b.<\/p>\n<p style=\"font-weight: 400;\">Po dobu nacistick\u00e9 okupace, v dob\u011b protektor\u00e1tu, jsou \u010dinnosti a zpr\u00e1vy z jedn\u00e1n\u00ed omezeny pouze na v\u00fd\u010det vykonan\u00e9 pr\u00e1ce, aby nebyla zavd\u00e1na p\u0159\u00ed\u010dina ke zv\u00fd\u0161en\u00e9mu sledov\u00e1n\u00ed \u010dinnosti sboru a jeho \u010dlen\u016f.<\/p>\n<p style=\"font-weight: 400;\">V roce 1946 se stalo financov\u00e1n\u00ed Sboru coby z\u00e1sahov\u00e9 jednotky, sou\u010d\u00e1st\u00ed obecn\u00ed zpr\u00e1vy a materi\u00e1lov\u00e9 zabezpe\u010den\u00ed bylo sou\u010d\u00e1st\u00ed rozpo\u010dtu m\u011bsta. Hasi\u010di ji\u017e nebyli odk\u00e1z\u00e1ni jen na p\u0159\u00edsp\u011bvky a dary. Rok 1947 je zde p\u0159ipomenut dopravn\u00ed nehodou hasi\u010dsk\u00e9ho vozidla Buick, do kter\u00e9ho v Mn\u00ed\u0161ku narazil autobus. Bylo zran\u011bno 7 hasi\u010d\u016f, z toho 3 t\u011b\u017ece. Byla p\u0159ebudov\u00e1na hasi\u010dsk\u00e1 zbrojnice, stoj\u00edc\u00ed mezi Sokolovnou a M\u011bstsk\u00fdm \u00fa\u0159adem a p\u0159istav\u011bna sborovna pro \u0161kolen\u00ed a sch\u016fze. V roce 1951 byla zapojena nov\u00e1 elektrick\u00e1 sir\u00e9na pro sezv\u00e1n\u00ed mu\u017estva. Od roku 1954 se za\u010dalo u sboru pracovat s ml\u00e1de\u017e\u00ed, \u010d\u00edm\u017e si sbor vychov\u00e1val budouc\u00ed \u010dleny. Pro p\u0159epravu st\u0159\u00edka\u010dky sbor dostal p\u0159id\u011bleno n\u00e1kladn\u00ed vozidlo Praga &#8211; RN a v roce 1958 st\u0159\u00edka\u010dku PPS 8. P\u0159id\u011blen\u00ed nov\u00e9 techniky bylo podm\u00edn\u011bno zru\u0161en\u00edm a odevzd\u00e1n\u00edm vozidla Buick tehdej\u0161\u00edmu okresu Dob\u0159\u00ed\u0161. Cisternov\u00e1 automobilov\u00e1 st\u0159\u00edka\u010dka Praga RN CAS16 byla sboru p\u0159id\u011blena v roce 1971. Jeliko\u017e m\u011bsto nem\u011blo vyhovuj\u00edc\u00ed po\u017e\u00e1rn\u00ed zbrojnici, byla provedena stavebn\u00ed \u00faprava ve star\u00e9 zbrojnici, aby bylo mo\u017eno v zim\u011b gar\u00e1\u017e temperovat a jednotka tak byla akceschopn\u00e1. V pades\u00e1t\u00fdch a \u0161edes\u00e1t\u00fdch letech bylo n\u011bkolik jedn\u00e1n\u00ed o stavb\u011b nov\u00e9 hasi\u010dsk\u00e9 zbrojnice. Poka\u017ed\u00e9 z t\u00e9to akce se\u0161lo. A\u017e koncem 60. let se dostala hasi\u010dsk\u00e1 zbrojnice do pl\u00e1nu m\u011bsta a stavba za\u010dala v roce 1975.\u00a0 V t\u00e9m\u017ee roce zakoupil sbor z vlastn\u00edch prost\u0159edk\u016f havarovanou cisternu CAS 25 \u0160koda 706 RTHP. Po v\u00edce ne\u017e ro\u010dn\u00ed usilovn\u00e9 pr\u00e1ci bylo vozidlo d\u00e1no do provozu p\u0159i p\u0159\u00edle\u017eitosti otev\u0159en\u00ed nov\u00e9 po\u017e\u00e1rn\u00ed zbrojnice. Slavnost k otev\u0159en\u00ed nov\u00e9 po\u017e\u00e1rn\u00ed zbrojnice se konala 7. kv\u011btna 1977. Pod patronac\u00ed m\u011bsta byl uskute\u010dn\u011bn pr\u016fvod k nov\u00e9 budov\u011b, kde byli odm\u011bn\u011bni zaslou\u017eil\u00fd \u010dlenov\u00e9 sboru, zhl\u00e9dnuta v\u00fdstava dokument\u016f a techniky, na z\u00e1v\u011br bylo velk\u00e9 n\u00e1m\u011btov\u00e9 cvi\u010den\u00ed. 21. \u0159\u00edjen 1979 byl hlavn\u00edm dnem oslav st\u00e9ho v\u00fdro\u010d\u00ed zalo\u017een\u00ed Sboru dobrovoln\u00fdch hasi\u010d\u016f v Mn\u00ed\u0161ku pod Brdy. V dopoledn\u00edch hodin\u00e1ch prob\u00edhala jednotliv\u00e1 cvi\u010den\u00ed a uk\u00e1zky\u00a0 pr\u00e1ce s technikou, jak starou tak novou. Odpoledn\u00ed slavnostn\u00ed sch\u016fze se neobe\u0161la bez ud\u011blen\u00ed vyznamen\u00e1n\u00ed a \u010destn\u00fdch uzn\u00e1n\u00ed za pr\u00e1ci ve sboru. Na podzim roku 1985 se poda\u0159ilo od arm\u00e1dy z\u00edskat vy\u0159azen\u00e9 vozidlo CAS 32 Tatra 138. Po dvoulet\u00e9 oprav\u011b bylo vozidlo za\u0159azeno do v\u00fdjezdu. Z\u00e1rove\u0148 byla ze slu\u017eby vy\u0159azena sta\u0159i\u010dk\u00e1 cisterna Praga. Dosud je chov\u00e1na u sboru jako muze\u00e1ln\u00ed kus a pou\u017e\u00edv\u00e1na k p\u0159\u00edle\u017eitostn\u00edm propaga\u010dn\u00edm j\u00edzd\u00e1m.<\/p>\n<p style=\"font-weight: 400;\">Pro osobn\u00ed ochranu zasahuj\u00edc\u00edch hasi\u010d\u016f se poda\u0159ilo v roce 1995 zakoupit neho\u0159lav\u00e9 kab\u00e1ty DEVA a od Hasi\u010dsk\u00e9ho sboru hl. m\u011bsta Prahy 20 ks d\u00fdchac\u00edch p\u0159\u00edstroj\u016f \u201e Saturn\u201c. Na je\u0159e 1998 p\u0159ibylo 11 ks p\u0159ileb Gallet a kapesn\u00ed radiostanice. \u010clenov\u00e9 z\u00e1sahov\u00e9 jednotky jsou vybaveni svol\u00e1vac\u00edm za\u0159\u00edzen\u00edm a mobiln\u00edmi telefony, tak\u017ee je sly\u0161et zn\u00e1mou po\u017e\u00e1rn\u00ed sir\u00e9nu m\u00e9n\u011b \u010dasto ne\u017e d\u0159\u00edve. V roce 1997 bylo sboru dobrovoln\u00fdch hasi\u010d\u016f Mn\u00ed\u0161ek zap\u016fj\u010deno vozidlo CAS 25 K 101 LIAZ od Kovohut\u00ed Mn\u00ed\u0161ek, po zru\u0161en\u00e9m sboru podniku.\u00a0V roce 2002 zakoupil m\u011bstsk\u00fd \u00fa\u0159ad vozidlo Tatra 815 CAS 32. Od roku 2002 jsou \u010dlenov\u00e9 z\u00e1sahov\u00e9 jednotky jednotky v p\u0159\u00edpad\u011b pot\u0159eby svol\u00e1v\u00e1ni SMS zas\u00edlan\u00fdmi na jejich mobiln\u00ed telefony opera\u010dn\u00edm st\u0159ediskem, co\u017e umo\u017enilo dos\u00e1hnout v\u00fdjezdu prvn\u00edho vozidla cca do p\u011bti minut v kteroukoli ro\u010dn\u00ed a denn\u00ed dobu. Jednotka je za\u0159azena jako JPO III.<\/p>\n<p style=\"font-weight: 400;\">Hasi\u010dsk\u00e1 technika vy\u017eaduje neust\u00e1l\u00e9 opravy a \u00fadr\u017ebu, aby byla v kteroukoli no\u010dn\u00ed a denn\u00ed dobu p\u0159ipravena k \u00fa\u010dinn\u00e9mu z\u00e1sahu, zrovna tak \u0161kolen\u00ed a v\u00fdcvik jednotky je n\u00e1ro\u010dn\u00fd na voln\u00fd \u010das \u010dlen\u016f sboru. Za vraty hasi\u010dsk\u00e9 zbrojnice jsou ukryty stovky poctiv\u011b odpracovan\u00fdch hodin\u00a0 dobrovoln\u00fdch hasi\u010d\u016f. \u010clenov\u00e9 Sboru dobrovoln\u00fdch hasi\u010d\u016f v Mn\u00ed\u0161ku pod Brdy maj\u00ed za sebou bohat\u00e9 zku\u0161enosti z mnoha proveden\u00fdch z\u00e1sah\u016f, v\u010detn\u011b z\u00e1chrann\u00fdch prac\u00ed p\u0159i povodn\u00edch v roce 1997 na Morav\u011b a v roce 2002 v \u0158evnic\u00edch a okol\u00ed. Jsme p\u0159ipraveni chr\u00e1nit \u017eivoty a majetek v\u0161ech, kte\u0159\u00ed se d\u00edky \u017eiveln\u00fdm pohrom\u00e1m a nehod\u00e1m ocitnou v t\u00edsni. K tomu n\u00e1s v\u00e1\u017ee\u00a0 \u00fasil\u00ed a odkaz na\u0161ich p\u0159edk\u016f.<\/p>\n","protected":false},"excerpt":{"rendered":"<p>Ohe\u0148 m\u011bl v cel\u00e9m pr\u016fb\u011bhu d\u011bjin pro \u010dlov\u011bka a jeho hospod\u00e1\u0159sk\u00fd i spole\u010densk\u00fd \u017eivot nesm\u00edrn\u00fd v\u00fdznam. Poskytoval mu teplo, chr\u00e1nil ho p\u0159ed dravou zv\u011b\u0159\u00ed, dal mu mo\u017enost p\u0159ipravovat si pokrmy, pom\u00e1hal mu m\u00fdtit lesy a m\u011bnit je v \u00farodn\u00e1 pole. Nebezpe\u010d\u00ed ohn\u011b se projevilo v tom okam\u017eiku, kdy nad n\u00edm \u010dlov\u011bk ztratil vl\u00e1du, kdy se [&hellip;]<\/p>\n","protected":false},"author":1,"featured_media":0,"parent":0,"menu_order":0,"comment_status":"closed","ping_status":"closed","template":"","meta":{"footnotes":""},"class_list":["post-40","page","type-page","status-publish","hentry"],"_links":{"self":[{"href":"https:\/\/www.sdhmnisek.cz\/index.php\/wp-json\/wp\/v2\/pages\/40","targetHints":{"allow":["GET"]}}],"collection":[{"href":"https:\/\/www.sdhmnisek.cz\/index.php\/wp-json\/wp\/v2\/pages"}],"about":[{"href":"https:\/\/www.sdhmnisek.cz\/index.php\/wp-json\/wp\/v2\/types\/page"}],"author":[{"embeddable":true,"href":"https:\/\/www.sdhmnisek.cz\/index.php\/wp-json\/wp\/v2\/users\/1"}],"replies":[{"embeddable":true,"href":"https:\/\/www.sdhmnisek.cz\/index.php\/wp-json\/wp\/v2\/comments?post=40"}],"version-history":[{"count":3,"href":"https:\/\/www.sdhmnisek.cz\/index.php\/wp-json\/wp\/v2\/pages\/40\/revisions"}],"predecessor-version":[{"id":72,"href":"https:\/\/www.sdhmnisek.cz\/index.php\/wp-json\/wp\/v2\/pages\/40\/revisions\/72"}],"wp:attachment":[{"href":"https:\/\/www.sdhmnisek.cz\/index.php\/wp-json\/wp\/v2\/media?parent=40"}],"curies":[{"name":"wp","href":"https:\/\/api.w.org\/{rel}","templated":true}]}}