{"id":300,"date":"2018-12-26T21:05:59","date_gmt":"2018-12-26T21:05:59","guid":{"rendered":"http:\/\/www.sdhmnisek.cz\/?page_id=300"},"modified":"2024-03-01T21:41:54","modified_gmt":"2024-03-01T20:41:54","slug":"ostatni","status":"publish","type":"page","link":"https:\/\/www.sdhmnisek.cz\/index.php\/ostatni\/","title":{"rendered":"V\u00fdjezdov\u00e1 jednotka SDH Mn\u00ed\u0161ek pod Brdy"},"content":{"rendered":"\n<p>V\u00fdjezdovou jednotku Sboru dobrovoln\u00fdch hasi\u010d\u016f Mn\u00ed\u0161ek pod Brdy z\u0159izuje m\u011bsto Mn\u00ed\u0161ek. Jednotka \u010d\u00edt\u00e1 45 \u010dlen\u016f a je dle \u010dlen\u011bn\u00ed JPO v souladu se z\u00e1konem o po\u017e\u00e1rn\u00ed ochran\u011b za\u0159azena do kategorie JPO III\/1.<br><\/p>\n\n\n\n<p>Jednotka disponuje ve\u0161ker\u00fdm vybaven\u00edm pro hasebn\u00ed a dal\u0161\u00ed pr\u00e1ce spojen\u00e9 s jej\u00ed \u010dinnost\u00ed. V\u0161ichni \u010dlenov\u00e9 jsou nositeli d\u00fdchac\u00ed techniky. Od roku 2019 disponuje jednotka d\u00e1le vybaven\u00edm pro z\u00e1sahy u dopravn\u00edch nehod, tedy vypro\u0161\u0165ovac\u00ed sadou zn. Holmatro a od roku 2020 tak\u00e9 hydraulickou vypro\u0161\u0165ovac\u00ed sadou Weber, tedy m\u00e1 dv\u011b vozidla schopna z\u00e1sahu u dopravn\u00ed nehody s vypro\u0161t\u011bn\u00edm zran\u011bn\u00fdch osob.<\/p>\n\n\n\n<p><br>Velitel jednotky : Josef Dvo\u0159\u00e1k<br>Z\u00e1stupce velitele jednotky (velitel v\u00fdjezdov\u00e9ho stanovi\u0161t\u011b St\u0159\u00edbrn\u00e1 Lhota) : Miroslav Rousek<\/p>\n\n\n\n<p>Vladim\u00edr Arnolt &#8211; ,,Saze,, &#8211; velitel dru\u017estva, strojn\u00edk <br>Michal Balej &#8211; ,,Mi\u017eu,, &#8211; velitel dru\u017estva, strojn\u00edk<br>Luk\u00e1\u0161 Sosna &#8211; velitel dru\u017estva <br>Petr Beran &#8211; hasi\u010d, strojn\u00edk<br>Josef \u010cern\u00fd &#8211; ,,Jos\u00e9 de la Black,, &#8211; hasi\u010d, strojn\u00edk <br>V\u00e1clav Kov\u00e1\u0159 &#8211; hasi\u010d, strojn\u00edk<br>Miroslav \u0160r\u00e1mek &#8211; hasi\u010d, strojn\u00edk<br>Mat\u011bj V\u011btrovsk\u00fd &#8211; hasi\u010d<br>Luk\u00e1\u0161 Lajvr &#8211; hasi\u010d<br>Tom\u00e1\u0161 H\u00e1jek &#8211; hasi\u010d, zdravotn\u00edk<br>Tom\u00e1\u0161 Barto\u0161 &#8211; hasi\u010d<br>Miroslav Dvo\u0159\u00e1k &#8211; hasi\u010d<br>Petr L\u00edva &#8211; ,,kon\u00edk,, &#8211; hasi\u010d<br>Jakub Fila &#8211; hasi\u010d<br>Josef Dvo\u0159\u00e1k ml. &#8211; hasi\u010d<br>Dominik H\u00e1jek &#8211; hasi\u010d<br>Roman Koudelka &#8211; hasi\u010d<br>Matou\u0161 Hladovec &#8211; hasi\u010d<br>Jan Trne\u010dek &#8211; hasi\u010d, zdravotn\u00edk<br>Jan Matou\u0161ek &#8211; hasi\u010d<br>V\u00e1clav Dvo\u0159\u00e1k &#8211; hasi\u010d<br><br><\/p>\n","protected":false},"excerpt":{"rendered":"<p>V\u00fdjezdovou jednotku Sboru dobrovoln\u00fdch hasi\u010d\u016f Mn\u00ed\u0161ek pod Brdy z\u0159izuje m\u011bsto Mn\u00ed\u0161ek. Jednotka \u010d\u00edt\u00e1 45 \u010dlen\u016f a je dle \u010dlen\u011bn\u00ed JPO v souladu se z\u00e1konem o po\u017e\u00e1rn\u00ed ochran\u011b za\u0159azena do kategorie JPO III\/1. Jednotka disponuje ve\u0161ker\u00fdm vybaven\u00edm pro hasebn\u00ed a dal\u0161\u00ed pr\u00e1ce spojen\u00e9 s jej\u00ed \u010dinnost\u00ed. V\u0161ichni \u010dlenov\u00e9 jsou nositeli d\u00fdchac\u00ed techniky. Od roku 2019 disponuje [&hellip;]<\/p>\n","protected":false},"author":1,"featured_media":0,"parent":0,"menu_order":0,"comment_status":"closed","ping_status":"closed","template":"","meta":{"footnotes":""},"class_list":["post-300","page","type-page","status-publish","hentry"],"_links":{"self":[{"href":"https:\/\/www.sdhmnisek.cz\/index.php\/wp-json\/wp\/v2\/pages\/300","targetHints":{"allow":["GET"]}}],"collection":[{"href":"https:\/\/www.sdhmnisek.cz\/index.php\/wp-json\/wp\/v2\/pages"}],"about":[{"href":"https:\/\/www.sdhmnisek.cz\/index.php\/wp-json\/wp\/v2\/types\/page"}],"author":[{"embeddable":true,"href":"https:\/\/www.sdhmnisek.cz\/index.php\/wp-json\/wp\/v2\/users\/1"}],"replies":[{"embeddable":true,"href":"https:\/\/www.sdhmnisek.cz\/index.php\/wp-json\/wp\/v2\/comments?post=300"}],"version-history":[{"count":10,"href":"https:\/\/www.sdhmnisek.cz\/index.php\/wp-json\/wp\/v2\/pages\/300\/revisions"}],"predecessor-version":[{"id":702,"href":"https:\/\/www.sdhmnisek.cz\/index.php\/wp-json\/wp\/v2\/pages\/300\/revisions\/702"}],"wp:attachment":[{"href":"https:\/\/www.sdhmnisek.cz\/index.php\/wp-json\/wp\/v2\/media?parent=300"}],"curies":[{"name":"wp","href":"https:\/\/api.w.org\/{rel}","templated":true}]}}